{"id":881,"date":"2023-03-03T17:15:24","date_gmt":"2023-03-03T09:15:24","guid":{"rendered":"https:\/\/www-tmp14.classin.vip\/?page_id=881"},"modified":"2023-04-25T09:26:38","modified_gmt":"2023-04-25T09:26:38","slug":"pricing","status":"publish","type":"page","link":"https:\/\/www.classin.com\/vn\/pricing\/","title":{"rendered":"B\u1ea3ng gi\u00e1 ClassIn"},"content":{"rendered":"","protected":false},"excerpt":{"rendered":"","protected":false},"author":1,"featured_media":0,"parent":0,"menu_order":0,"comment_status":"closed","ping_status":"closed","template":"single-pricing.php","meta":[],"acf":[],"yoast_head":"<!-- This site is optimized with the Yoast SEO plugin v19.11 - https:\/\/yoast.com\/wordpress\/plugins\/seo\/ -->\n<title>B\u1ea3ng gi\u00e1 ClassIn<\/title>\n<meta name=\"description\" content=\"Gi\u00e1 ClassIn g\u1ed3m 3 g\u00f3i ph\u1ed5 bi\u1ebfn: Mi\u1ec5n ph\u00ed, Pro v\u00e0 Tr\u01b0\u1eddng h\u1ecdc. C\u00e1c g\u00f3i t\u1eeb Pro tr\u1edf l\u00ean c\u00f3 gi\u00e1 t\u1eeb 350.000 \u0111\u1ed3ng m\u1ed7i th\u00e1ng theo s\u1ed1 l\u01b0\u1ee3ng t\u00e0i kho\u1ea3n.\" \/>\n<meta name=\"robots\" content=\"index, follow, max-snippet:-1, max-image-preview:large, max-video-preview:-1\" \/>\n<link rel=\"canonical\" href=\"https:\/\/www.classin.com\/vn\/pricing\/\" \/>\n<meta property=\"og:locale\" content=\"vi_VN\" \/>\n<meta property=\"og:type\" content=\"article\" \/>\n<meta property=\"og:title\" content=\"B\u1ea3ng gi\u00e1 ClassIn\" \/>\n<meta property=\"og:description\" content=\"Gi\u00e1 ClassIn g\u1ed3m 3 g\u00f3i ph\u1ed5 bi\u1ebfn: Mi\u1ec5n ph\u00ed, Pro v\u00e0 Tr\u01b0\u1eddng h\u1ecdc. C\u00e1c g\u00f3i t\u1eeb Pro tr\u1edf l\u00ean c\u00f3 gi\u00e1 t\u1eeb 350.000 \u0111\u1ed3ng m\u1ed7i th\u00e1ng theo s\u1ed1 l\u01b0\u1ee3ng t\u00e0i kho\u1ea3n.\" \/>\n<meta property=\"og:url\" content=\"https:\/\/www.classin.com\/vn\/pricing\/\" \/>\n<meta property=\"og:site_name\" content=\"ClassIn | Gi\u1ea3i ph\u00e1p d\u1ea1y h\u1ecdc chuy\u00ean nghi\u1ec7p\" \/>\n<meta property=\"article:modified_time\" content=\"2023-04-25T09:26:38+00:00\" \/>\n<meta property=\"og:image\" content=\"https:\/\/st2.classin.com\/files\/wp\/2023\/04\/20230424103139193.jpg\" \/>\n\t<meta property=\"og:image:width\" content=\"1920\" \/>\n\t<meta property=\"og:image:height\" content=\"1080\" \/>\n\t<meta property=\"og:image:type\" content=\"image\/jpeg\" \/>\n<meta name=\"twitter:card\" content=\"summary_large_image\" \/>\n<script type=\"application\/ld+json\" class=\"yoast-schema-graph\">{\"@context\":\"https:\/\/schema.org\",\"@graph\":[{\"@type\":\"WebPage\",\"@id\":\"https:\/\/www.classin.com\/vn\/pricing\/\",\"url\":\"https:\/\/www.classin.com\/vn\/pricing\/\",\"name\":\"B\u1ea3ng gi\u00e1 ClassIn\",\"isPartOf\":{\"@id\":\"https:\/\/www.classin.com\/vn\/#website\"},\"datePublished\":\"2023-03-03T09:15:24+00:00\",\"dateModified\":\"2023-04-25T09:26:38+00:00\",\"description\":\"Gi\u00e1 ClassIn g\u1ed3m 3 g\u00f3i ph\u1ed5 bi\u1ebfn: Mi\u1ec5n ph\u00ed, Pro v\u00e0 Tr\u01b0\u1eddng h\u1ecdc. C\u00e1c g\u00f3i t\u1eeb Pro tr\u1edf l\u00ean c\u00f3 gi\u00e1 t\u1eeb 350.000 \u0111\u1ed3ng m\u1ed7i th\u00e1ng theo s\u1ed1 l\u01b0\u1ee3ng t\u00e0i kho\u1ea3n.\",\"breadcrumb\":{\"@id\":\"https:\/\/www.classin.com\/vn\/pricing\/#breadcrumb\"},\"inLanguage\":\"vi\",\"potentialAction\":[{\"@type\":\"ReadAction\",\"target\":[\"https:\/\/www.classin.com\/vn\/pricing\/\"]}]},{\"@type\":\"BreadcrumbList\",\"@id\":\"https:\/\/www.classin.com\/vn\/pricing\/#breadcrumb\",\"itemListElement\":[{\"@type\":\"ListItem\",\"position\":1,\"name\":\"\u9996\u9875\",\"item\":\"https:\/\/www.classin.com\/vn\/\"},{\"@type\":\"ListItem\",\"position\":2,\"name\":\"B\u1ea3ng gi\u00e1 ClassIn\"}]},{\"@type\":\"WebSite\",\"@id\":\"https:\/\/www.classin.com\/vn\/#website\",\"url\":\"https:\/\/www.classin.com\/vn\/\",\"name\":\"ClassIn | Gi\u1ea3i ph\u00e1p d\u1ea1y h\u1ecdc chuy\u00ean nghi\u1ec7p\",\"description\":\"M\u1edf r\u1ed9ng quy m\u00f4 \u0111\u00e0o t\u1ea1o nhanh ch\u00f3ng, v\u1edbi c\u00e1c c\u00f4ng c\u1ee5 t\u01b0\u01a1ng t\u00e1c v\u00e0 qu\u1ea3n l\u00fd l\u1edbp h\u1ecdc m\u1ea1nh m\u1ebd, t\u00edch h\u1ee3p s\u1eb5n trong 1 \u1ee9ng d\u1ee5ng duy nh\u1ea5t\",\"potentialAction\":[{\"@type\":\"SearchAction\",\"target\":{\"@type\":\"EntryPoint\",\"urlTemplate\":\"https:\/\/www.classin.com\/vn\/?s={search_term_string}\"},\"query-input\":\"required name=search_term_string\"}],\"inLanguage\":\"vi\"}]}<\/script>\n<!-- \/ Yoast SEO plugin. -->","yoast_head_json":{"title":"B\u1ea3ng gi\u00e1 ClassIn","description":"Gi\u00e1 ClassIn g\u1ed3m 3 g\u00f3i ph\u1ed5 bi\u1ebfn: Mi\u1ec5n ph\u00ed, Pro v\u00e0 Tr\u01b0\u1eddng h\u1ecdc. C\u00e1c g\u00f3i t\u1eeb Pro tr\u1edf l\u00ean c\u00f3 gi\u00e1 t\u1eeb 350.000 \u0111\u1ed3ng m\u1ed7i th\u00e1ng theo s\u1ed1 l\u01b0\u1ee3ng t\u00e0i kho\u1ea3n.","robots":{"index":"index","follow":"follow","max-snippet":"max-snippet:-1","max-image-preview":"max-image-preview:large","max-video-preview":"max-video-preview:-1"},"canonical":"https:\/\/www.classin.com\/vn\/pricing\/","og_locale":"vi_VN","og_type":"article","og_title":"B\u1ea3ng gi\u00e1 ClassIn","og_description":"Gi\u00e1 ClassIn g\u1ed3m 3 g\u00f3i ph\u1ed5 bi\u1ebfn: Mi\u1ec5n ph\u00ed, Pro v\u00e0 Tr\u01b0\u1eddng h\u1ecdc. C\u00e1c g\u00f3i t\u1eeb Pro tr\u1edf l\u00ean c\u00f3 gi\u00e1 t\u1eeb 350.000 \u0111\u1ed3ng m\u1ed7i th\u00e1ng theo s\u1ed1 l\u01b0\u1ee3ng t\u00e0i kho\u1ea3n.","og_url":"https:\/\/www.classin.com\/vn\/pricing\/","og_site_name":"ClassIn | Gi\u1ea3i ph\u00e1p d\u1ea1y h\u1ecdc chuy\u00ean nghi\u1ec7p","article_modified_time":"2023-04-25T09:26:38+00:00","og_image":[{"width":1920,"height":1080,"url":"https:\/\/st2.classin.com\/files\/wp\/2023\/04\/20230424103139193.jpg","type":"image\/jpeg"}],"twitter_card":"summary_large_image","schema":{"@context":"https:\/\/schema.org","@graph":[{"@type":"WebPage","@id":"https:\/\/www.classin.com\/vn\/pricing\/","url":"https:\/\/www.classin.com\/vn\/pricing\/","name":"B\u1ea3ng gi\u00e1 ClassIn","isPartOf":{"@id":"https:\/\/www.classin.com\/vn\/#website"},"datePublished":"2023-03-03T09:15:24+00:00","dateModified":"2023-04-25T09:26:38+00:00","description":"Gi\u00e1 ClassIn g\u1ed3m 3 g\u00f3i ph\u1ed5 bi\u1ebfn: Mi\u1ec5n ph\u00ed, Pro v\u00e0 Tr\u01b0\u1eddng h\u1ecdc. C\u00e1c g\u00f3i t\u1eeb Pro tr\u1edf l\u00ean c\u00f3 gi\u00e1 t\u1eeb 350.000 \u0111\u1ed3ng m\u1ed7i th\u00e1ng theo s\u1ed1 l\u01b0\u1ee3ng t\u00e0i kho\u1ea3n.","breadcrumb":{"@id":"https:\/\/www.classin.com\/vn\/pricing\/#breadcrumb"},"inLanguage":"vi","potentialAction":[{"@type":"ReadAction","target":["https:\/\/www.classin.com\/vn\/pricing\/"]}]},{"@type":"BreadcrumbList","@id":"https:\/\/www.classin.com\/vn\/pricing\/#breadcrumb","itemListElement":[{"@type":"ListItem","position":1,"name":"\u9996\u9875","item":"https:\/\/www.classin.com\/vn\/"},{"@type":"ListItem","position":2,"name":"B\u1ea3ng gi\u00e1 ClassIn"}]},{"@type":"WebSite","@id":"https:\/\/www.classin.com\/vn\/#website","url":"https:\/\/www.classin.com\/vn\/","name":"ClassIn | Gi\u1ea3i ph\u00e1p d\u1ea1y h\u1ecdc chuy\u00ean nghi\u1ec7p","description":"M\u1edf r\u1ed9ng quy m\u00f4 \u0111\u00e0o t\u1ea1o nhanh ch\u00f3ng, v\u1edbi c\u00e1c c\u00f4ng c\u1ee5 t\u01b0\u01a1ng t\u00e1c v\u00e0 qu\u1ea3n l\u00fd l\u1edbp h\u1ecdc m\u1ea1nh m\u1ebd, t\u00edch h\u1ee3p s\u1eb5n trong 1 \u1ee9ng d\u1ee5ng duy nh\u1ea5t","potentialAction":[{"@type":"SearchAction","target":{"@type":"EntryPoint","urlTemplate":"https:\/\/www.classin.com\/vn\/?s={search_term_string}"},"query-input":"required name=search_term_string"}],"inLanguage":"vi"}]}},"_links":{"self":[{"href":"https:\/\/www.classin.com\/vn\/wp-json\/wp\/v2\/pages\/881"}],"collection":[{"href":"https:\/\/www.classin.com\/vn\/wp-json\/wp\/v2\/pages"}],"about":[{"href":"https:\/\/www.classin.com\/vn\/wp-json\/wp\/v2\/types\/page"}],"author":[{"embeddable":true,"href":"https:\/\/www.classin.com\/vn\/wp-json\/wp\/v2\/users\/1"}],"replies":[{"embeddable":true,"href":"https:\/\/www.classin.com\/vn\/wp-json\/wp\/v2\/comments?post=881"}],"version-history":[{"count":2,"href":"https:\/\/www.classin.com\/vn\/wp-json\/wp\/v2\/pages\/881\/revisions"}],"predecessor-version":[{"id":1562,"href":"https:\/\/www.classin.com\/vn\/wp-json\/wp\/v2\/pages\/881\/revisions\/1562"}],"wp:attachment":[{"href":"https:\/\/www.classin.com\/vn\/wp-json\/wp\/v2\/media?parent=881"}],"curies":[{"name":"wp","href":"https:\/\/api.w.org\/{rel}","templated":true}]}}