{"id":873,"date":"2023-03-03T17:13:09","date_gmt":"2023-03-03T09:13:09","guid":{"rendered":"https:\/\/www-tmp14.classin.vip\/?page_id=873"},"modified":"2023-04-27T08:21:07","modified_gmt":"2023-04-27T08:21:07","slug":"sdk","status":"publish","type":"page","link":"https:\/\/www.classin.com\/vn\/sdk\/","title":{"rendered":"ClassIn SDK cho h\u1ec7 th\u1ed1ng gi\u00e1o d\u1ee5c c\u1ee7a b\u1ea1n"},"content":{"rendered":"","protected":false},"excerpt":{"rendered":"","protected":false},"author":1,"featured_media":0,"parent":0,"menu_order":0,"comment_status":"closed","ping_status":"closed","template":"single-sdk.php","meta":[],"acf":[],"yoast_head":"<!-- This site is optimized with the Yoast SEO plugin v19.11 - https:\/\/yoast.com\/wordpress\/plugins\/seo\/ -->\n<title>ClassIn SDK cho h\u1ec7 th\u1ed1ng gi\u00e1o d\u1ee5c c\u1ee7a b\u1ea1n - ClassIn | Gi\u1ea3i ph\u00e1p d\u1ea1y h\u1ecdc chuy\u00ean nghi\u1ec7p<\/title>\n<meta name=\"description\" content=\"C\u00e1c th\u01b0 vi\u1ec7n v\u1edbi \u0111\u1ea7y \u0111\u1ee7 t\u00ednh n\u0103ng \u0111\u01b0\u1ee3c cung c\u1ea5p \u0111\u1ec3 d\u1ec5 d\u00e0ng k\u1ebft h\u1ee3p SDK v\u00e0o c\u00e1c \u1ee9ng d\u1ee5ng d\u00e0nh cho thi\u1ebft b\u1ecb di \u0111\u1ed9ng ho\u1eb7c m\u00e1y t\u00ednh \u0111\u1ec3 b\u00e0n\" \/>\n<meta name=\"robots\" content=\"index, follow, max-snippet:-1, max-image-preview:large, max-video-preview:-1\" \/>\n<link rel=\"canonical\" href=\"https:\/\/www.classin.com\/vn\/sdk\/\" \/>\n<meta property=\"og:locale\" content=\"vi_VN\" \/>\n<meta property=\"og:type\" content=\"article\" \/>\n<meta property=\"og:title\" content=\"ClassIn SDK cho h\u1ec7 th\u1ed1ng gi\u00e1o d\u1ee5c c\u1ee7a b\u1ea1n - ClassIn | Gi\u1ea3i ph\u00e1p d\u1ea1y h\u1ecdc chuy\u00ean nghi\u1ec7p\" \/>\n<meta property=\"og:description\" content=\"C\u00e1c th\u01b0 vi\u1ec7n v\u1edbi \u0111\u1ea7y \u0111\u1ee7 t\u00ednh n\u0103ng \u0111\u01b0\u1ee3c cung c\u1ea5p \u0111\u1ec3 d\u1ec5 d\u00e0ng k\u1ebft h\u1ee3p SDK v\u00e0o c\u00e1c \u1ee9ng d\u1ee5ng d\u00e0nh cho thi\u1ebft b\u1ecb di \u0111\u1ed9ng ho\u1eb7c m\u00e1y t\u00ednh \u0111\u1ec3 b\u00e0n\" \/>\n<meta property=\"og:url\" content=\"https:\/\/www.classin.com\/vn\/sdk\/\" \/>\n<meta property=\"og:site_name\" content=\"ClassIn | Gi\u1ea3i ph\u00e1p d\u1ea1y h\u1ecdc chuy\u00ean nghi\u1ec7p\" \/>\n<meta property=\"article:modified_time\" content=\"2023-04-27T08:21:07+00:00\" \/>\n<meta name=\"twitter:card\" content=\"summary_large_image\" \/>\n<script type=\"application\/ld+json\" class=\"yoast-schema-graph\">{\"@context\":\"https:\/\/schema.org\",\"@graph\":[{\"@type\":\"WebPage\",\"@id\":\"https:\/\/www.classin.com\/vn\/sdk\/\",\"url\":\"https:\/\/www.classin.com\/vn\/sdk\/\",\"name\":\"ClassIn SDK cho h\u1ec7 th\u1ed1ng gi\u00e1o d\u1ee5c c\u1ee7a b\u1ea1n - ClassIn | Gi\u1ea3i ph\u00e1p d\u1ea1y h\u1ecdc chuy\u00ean nghi\u1ec7p\",\"isPartOf\":{\"@id\":\"https:\/\/www.classin.com\/vn\/#website\"},\"datePublished\":\"2023-03-03T09:13:09+00:00\",\"dateModified\":\"2023-04-27T08:21:07+00:00\",\"description\":\"C\u00e1c th\u01b0 vi\u1ec7n v\u1edbi \u0111\u1ea7y \u0111\u1ee7 t\u00ednh n\u0103ng \u0111\u01b0\u1ee3c cung c\u1ea5p \u0111\u1ec3 d\u1ec5 d\u00e0ng k\u1ebft h\u1ee3p SDK v\u00e0o c\u00e1c \u1ee9ng d\u1ee5ng d\u00e0nh cho thi\u1ebft b\u1ecb di \u0111\u1ed9ng ho\u1eb7c m\u00e1y t\u00ednh \u0111\u1ec3 b\u00e0n\",\"breadcrumb\":{\"@id\":\"https:\/\/www.classin.com\/vn\/sdk\/#breadcrumb\"},\"inLanguage\":\"vi\",\"potentialAction\":[{\"@type\":\"ReadAction\",\"target\":[\"https:\/\/www.classin.com\/vn\/sdk\/\"]}]},{\"@type\":\"BreadcrumbList\",\"@id\":\"https:\/\/www.classin.com\/vn\/sdk\/#breadcrumb\",\"itemListElement\":[{\"@type\":\"ListItem\",\"position\":1,\"name\":\"\u9996\u9875\",\"item\":\"https:\/\/www.classin.com\/vn\/\"},{\"@type\":\"ListItem\",\"position\":2,\"name\":\"ClassIn SDK cho h\u1ec7 th\u1ed1ng gi\u00e1o d\u1ee5c c\u1ee7a b\u1ea1n\"}]},{\"@type\":\"WebSite\",\"@id\":\"https:\/\/www.classin.com\/vn\/#website\",\"url\":\"https:\/\/www.classin.com\/vn\/\",\"name\":\"ClassIn | Gi\u1ea3i ph\u00e1p d\u1ea1y h\u1ecdc chuy\u00ean nghi\u1ec7p\",\"description\":\"M\u1edf r\u1ed9ng quy m\u00f4 \u0111\u00e0o t\u1ea1o nhanh ch\u00f3ng, v\u1edbi c\u00e1c c\u00f4ng c\u1ee5 t\u01b0\u01a1ng t\u00e1c v\u00e0 qu\u1ea3n l\u00fd l\u1edbp h\u1ecdc m\u1ea1nh m\u1ebd, t\u00edch h\u1ee3p s\u1eb5n trong 1 \u1ee9ng d\u1ee5ng duy nh\u1ea5t\",\"potentialAction\":[{\"@type\":\"SearchAction\",\"target\":{\"@type\":\"EntryPoint\",\"urlTemplate\":\"https:\/\/www.classin.com\/vn\/?s={search_term_string}\"},\"query-input\":\"required name=search_term_string\"}],\"inLanguage\":\"vi\"}]}<\/script>\n<!-- \/ Yoast SEO plugin. -->","yoast_head_json":{"title":"ClassIn SDK cho h\u1ec7 th\u1ed1ng gi\u00e1o d\u1ee5c c\u1ee7a b\u1ea1n - ClassIn | Gi\u1ea3i ph\u00e1p d\u1ea1y h\u1ecdc chuy\u00ean nghi\u1ec7p","description":"C\u00e1c th\u01b0 vi\u1ec7n v\u1edbi \u0111\u1ea7y \u0111\u1ee7 t\u00ednh n\u0103ng \u0111\u01b0\u1ee3c cung c\u1ea5p \u0111\u1ec3 d\u1ec5 d\u00e0ng k\u1ebft h\u1ee3p SDK v\u00e0o c\u00e1c \u1ee9ng d\u1ee5ng d\u00e0nh cho thi\u1ebft b\u1ecb di \u0111\u1ed9ng ho\u1eb7c m\u00e1y t\u00ednh \u0111\u1ec3 b\u00e0n","robots":{"index":"index","follow":"follow","max-snippet":"max-snippet:-1","max-image-preview":"max-image-preview:large","max-video-preview":"max-video-preview:-1"},"canonical":"https:\/\/www.classin.com\/vn\/sdk\/","og_locale":"vi_VN","og_type":"article","og_title":"ClassIn SDK cho h\u1ec7 th\u1ed1ng gi\u00e1o d\u1ee5c c\u1ee7a b\u1ea1n - ClassIn | Gi\u1ea3i ph\u00e1p d\u1ea1y h\u1ecdc chuy\u00ean nghi\u1ec7p","og_description":"C\u00e1c th\u01b0 vi\u1ec7n v\u1edbi \u0111\u1ea7y \u0111\u1ee7 t\u00ednh n\u0103ng \u0111\u01b0\u1ee3c cung c\u1ea5p \u0111\u1ec3 d\u1ec5 d\u00e0ng k\u1ebft h\u1ee3p SDK v\u00e0o c\u00e1c \u1ee9ng d\u1ee5ng d\u00e0nh cho thi\u1ebft b\u1ecb di \u0111\u1ed9ng ho\u1eb7c m\u00e1y t\u00ednh \u0111\u1ec3 b\u00e0n","og_url":"https:\/\/www.classin.com\/vn\/sdk\/","og_site_name":"ClassIn | Gi\u1ea3i ph\u00e1p d\u1ea1y h\u1ecdc chuy\u00ean nghi\u1ec7p","article_modified_time":"2023-04-27T08:21:07+00:00","twitter_card":"summary_large_image","schema":{"@context":"https:\/\/schema.org","@graph":[{"@type":"WebPage","@id":"https:\/\/www.classin.com\/vn\/sdk\/","url":"https:\/\/www.classin.com\/vn\/sdk\/","name":"ClassIn SDK cho h\u1ec7 th\u1ed1ng gi\u00e1o d\u1ee5c c\u1ee7a b\u1ea1n - ClassIn | Gi\u1ea3i ph\u00e1p d\u1ea1y h\u1ecdc chuy\u00ean nghi\u1ec7p","isPartOf":{"@id":"https:\/\/www.classin.com\/vn\/#website"},"datePublished":"2023-03-03T09:13:09+00:00","dateModified":"2023-04-27T08:21:07+00:00","description":"C\u00e1c th\u01b0 vi\u1ec7n v\u1edbi \u0111\u1ea7y \u0111\u1ee7 t\u00ednh n\u0103ng \u0111\u01b0\u1ee3c cung c\u1ea5p \u0111\u1ec3 d\u1ec5 d\u00e0ng k\u1ebft h\u1ee3p SDK v\u00e0o c\u00e1c \u1ee9ng d\u1ee5ng d\u00e0nh cho thi\u1ebft b\u1ecb di \u0111\u1ed9ng ho\u1eb7c m\u00e1y t\u00ednh \u0111\u1ec3 b\u00e0n","breadcrumb":{"@id":"https:\/\/www.classin.com\/vn\/sdk\/#breadcrumb"},"inLanguage":"vi","potentialAction":[{"@type":"ReadAction","target":["https:\/\/www.classin.com\/vn\/sdk\/"]}]},{"@type":"BreadcrumbList","@id":"https:\/\/www.classin.com\/vn\/sdk\/#breadcrumb","itemListElement":[{"@type":"ListItem","position":1,"name":"\u9996\u9875","item":"https:\/\/www.classin.com\/vn\/"},{"@type":"ListItem","position":2,"name":"ClassIn SDK cho h\u1ec7 th\u1ed1ng gi\u00e1o d\u1ee5c c\u1ee7a b\u1ea1n"}]},{"@type":"WebSite","@id":"https:\/\/www.classin.com\/vn\/#website","url":"https:\/\/www.classin.com\/vn\/","name":"ClassIn | Gi\u1ea3i ph\u00e1p d\u1ea1y h\u1ecdc chuy\u00ean nghi\u1ec7p","description":"M\u1edf r\u1ed9ng quy m\u00f4 \u0111\u00e0o t\u1ea1o nhanh ch\u00f3ng, v\u1edbi c\u00e1c c\u00f4ng c\u1ee5 t\u01b0\u01a1ng t\u00e1c v\u00e0 qu\u1ea3n l\u00fd l\u1edbp h\u1ecdc m\u1ea1nh m\u1ebd, t\u00edch h\u1ee3p s\u1eb5n trong 1 \u1ee9ng d\u1ee5ng duy nh\u1ea5t","potentialAction":[{"@type":"SearchAction","target":{"@type":"EntryPoint","urlTemplate":"https:\/\/www.classin.com\/vn\/?s={search_term_string}"},"query-input":"required name=search_term_string"}],"inLanguage":"vi"}]}},"_links":{"self":[{"href":"https:\/\/www.classin.com\/vn\/wp-json\/wp\/v2\/pages\/873"}],"collection":[{"href":"https:\/\/www.classin.com\/vn\/wp-json\/wp\/v2\/pages"}],"about":[{"href":"https:\/\/www.classin.com\/vn\/wp-json\/wp\/v2\/types\/page"}],"author":[{"embeddable":true,"href":"https:\/\/www.classin.com\/vn\/wp-json\/wp\/v2\/users\/1"}],"replies":[{"embeddable":true,"href":"https:\/\/www.classin.com\/vn\/wp-json\/wp\/v2\/comments?post=873"}],"version-history":[{"count":2,"href":"https:\/\/www.classin.com\/vn\/wp-json\/wp\/v2\/pages\/873\/revisions"}],"predecessor-version":[{"id":1734,"href":"https:\/\/www.classin.com\/vn\/wp-json\/wp\/v2\/pages\/873\/revisions\/1734"}],"wp:attachment":[{"href":"https:\/\/www.classin.com\/vn\/wp-json\/wp\/v2\/media?parent=873"}],"curies":[{"name":"wp","href":"https:\/\/api.w.org\/{rel}","templated":true}]}}