{"id":869,"date":"2023-03-03T17:02:58","date_gmt":"2023-03-03T09:02:58","guid":{"rendered":"https:\/\/www-tmp14.classin.vip\/?page_id=869"},"modified":"2023-06-07T15:01:04","modified_gmt":"2023-06-07T08:01:04","slug":"careers","status":"publish","type":"page","link":"https:\/\/www.classin.com\/vn\/careers\/","title":{"rendered":"C\u01a1 h\u1ed9i ngh\u1ec1 nghi\u1ec7p t\u1ea1i ClassIn"},"content":{"rendered":"","protected":false},"excerpt":{"rendered":"","protected":false},"author":1,"featured_media":0,"parent":0,"menu_order":0,"comment_status":"closed","ping_status":"closed","template":"single-careers.php","meta":[],"acf":[],"yoast_head":"<!-- This site is optimized with the Yoast SEO plugin v19.11 - https:\/\/yoast.com\/wordpress\/plugins\/seo\/ -->\n<title>C\u01a1 h\u1ed9i ngh\u1ec1 nghi\u1ec7p t\u1ea1i ClassIn - Gi\u1ea3i ph\u00e1p d\u1ea1y h\u1ecdc chuy\u00ean nghi\u1ec7p<\/title>\n<meta name=\"description\" content=\"ClassIn kh\u00f4ng ng\u1eebng ph\u00e1t tri\u1ec3n nh\u1eb1m gi\u00fap c\u00e1c gi\u00e1o vi\u00ean c\u00f3 th\u1ec3 th\u1ef1c hi\u1ec7n t\u1ed1t h\u01a1n nh\u1eefng c\u00f4ng vi\u1ec7c chuy\u00ean m\u00f4n c\u1ea3 trong v\u00e0 ngo\u00e0i l\u1edbp h\u1ecdc\" \/>\n<meta name=\"robots\" content=\"index, follow, max-snippet:-1, max-image-preview:large, max-video-preview:-1\" \/>\n<link rel=\"canonical\" href=\"https:\/\/www.classin.com\/vn\/careers\/\" \/>\n<meta property=\"og:locale\" content=\"vi_VN\" \/>\n<meta property=\"og:type\" content=\"article\" \/>\n<meta property=\"og:title\" content=\"C\u01a1 h\u1ed9i ngh\u1ec1 nghi\u1ec7p t\u1ea1i ClassIn - Gi\u1ea3i ph\u00e1p d\u1ea1y h\u1ecdc chuy\u00ean nghi\u1ec7p\" \/>\n<meta property=\"og:description\" content=\"ClassIn kh\u00f4ng ng\u1eebng ph\u00e1t tri\u1ec3n nh\u1eb1m gi\u00fap c\u00e1c gi\u00e1o vi\u00ean c\u00f3 th\u1ec3 th\u1ef1c hi\u1ec7n t\u1ed1t h\u01a1n nh\u1eefng c\u00f4ng vi\u1ec7c chuy\u00ean m\u00f4n c\u1ea3 trong v\u00e0 ngo\u00e0i l\u1edbp h\u1ecdc\" \/>\n<meta property=\"og:url\" content=\"https:\/\/www.classin.com\/vn\/careers\/\" \/>\n<meta property=\"og:site_name\" content=\"ClassIn | Gi\u1ea3i ph\u00e1p d\u1ea1y h\u1ecdc chuy\u00ean nghi\u1ec7p\" \/>\n<meta property=\"article:modified_time\" content=\"2023-06-07T08:01:04+00:00\" \/>\n<meta property=\"og:image\" content=\"https:\/\/st2.classin.com\/files\/wp\/2023\/04\/20230425093656712.jpg\" \/>\n\t<meta property=\"og:image:width\" content=\"1138\" \/>\n\t<meta property=\"og:image:height\" content=\"760\" \/>\n\t<meta property=\"og:image:type\" content=\"image\/jpeg\" \/>\n<meta name=\"twitter:card\" content=\"summary_large_image\" \/>\n<script type=\"application\/ld+json\" class=\"yoast-schema-graph\">{\"@context\":\"https:\/\/schema.org\",\"@graph\":[{\"@type\":\"WebPage\",\"@id\":\"https:\/\/www.classin.com\/vn\/careers\/\",\"url\":\"https:\/\/www.classin.com\/vn\/careers\/\",\"name\":\"C\u01a1 h\u1ed9i ngh\u1ec1 nghi\u1ec7p t\u1ea1i ClassIn - Gi\u1ea3i ph\u00e1p d\u1ea1y h\u1ecdc chuy\u00ean nghi\u1ec7p\",\"isPartOf\":{\"@id\":\"https:\/\/www.classin.com\/vn\/#website\"},\"datePublished\":\"2023-03-03T09:02:58+00:00\",\"dateModified\":\"2023-06-07T08:01:04+00:00\",\"description\":\"ClassIn kh\u00f4ng ng\u1eebng ph\u00e1t tri\u1ec3n nh\u1eb1m gi\u00fap c\u00e1c gi\u00e1o vi\u00ean c\u00f3 th\u1ec3 th\u1ef1c hi\u1ec7n t\u1ed1t h\u01a1n nh\u1eefng c\u00f4ng vi\u1ec7c chuy\u00ean m\u00f4n c\u1ea3 trong v\u00e0 ngo\u00e0i l\u1edbp h\u1ecdc\",\"breadcrumb\":{\"@id\":\"https:\/\/www.classin.com\/vn\/careers\/#breadcrumb\"},\"inLanguage\":\"vi\",\"potentialAction\":[{\"@type\":\"ReadAction\",\"target\":[\"https:\/\/www.classin.com\/vn\/careers\/\"]}]},{\"@type\":\"BreadcrumbList\",\"@id\":\"https:\/\/www.classin.com\/vn\/careers\/#breadcrumb\",\"itemListElement\":[{\"@type\":\"ListItem\",\"position\":1,\"name\":\"\u9996\u9875\",\"item\":\"https:\/\/www.classin.com\/vn\/\"},{\"@type\":\"ListItem\",\"position\":2,\"name\":\"C\u01a1 h\u1ed9i ngh\u1ec1 nghi\u1ec7p t\u1ea1i ClassIn\"}]},{\"@type\":\"WebSite\",\"@id\":\"https:\/\/www.classin.com\/vn\/#website\",\"url\":\"https:\/\/www.classin.com\/vn\/\",\"name\":\"ClassIn | Gi\u1ea3i ph\u00e1p d\u1ea1y h\u1ecdc chuy\u00ean nghi\u1ec7p\",\"description\":\"M\u1edf r\u1ed9ng quy m\u00f4 \u0111\u00e0o t\u1ea1o nhanh ch\u00f3ng, v\u1edbi c\u00e1c c\u00f4ng c\u1ee5 t\u01b0\u01a1ng t\u00e1c v\u00e0 qu\u1ea3n l\u00fd l\u1edbp h\u1ecdc m\u1ea1nh m\u1ebd, t\u00edch h\u1ee3p s\u1eb5n trong 1 \u1ee9ng d\u1ee5ng duy nh\u1ea5t\",\"potentialAction\":[{\"@type\":\"SearchAction\",\"target\":{\"@type\":\"EntryPoint\",\"urlTemplate\":\"https:\/\/www.classin.com\/vn\/?s={search_term_string}\"},\"query-input\":\"required name=search_term_string\"}],\"inLanguage\":\"vi\"}]}<\/script>\n<!-- \/ Yoast SEO plugin. -->","yoast_head_json":{"title":"C\u01a1 h\u1ed9i ngh\u1ec1 nghi\u1ec7p t\u1ea1i ClassIn - Gi\u1ea3i ph\u00e1p d\u1ea1y h\u1ecdc chuy\u00ean nghi\u1ec7p","description":"ClassIn kh\u00f4ng ng\u1eebng ph\u00e1t tri\u1ec3n nh\u1eb1m gi\u00fap c\u00e1c gi\u00e1o vi\u00ean c\u00f3 th\u1ec3 th\u1ef1c hi\u1ec7n t\u1ed1t h\u01a1n nh\u1eefng c\u00f4ng vi\u1ec7c chuy\u00ean m\u00f4n c\u1ea3 trong v\u00e0 ngo\u00e0i l\u1edbp h\u1ecdc","robots":{"index":"index","follow":"follow","max-snippet":"max-snippet:-1","max-image-preview":"max-image-preview:large","max-video-preview":"max-video-preview:-1"},"canonical":"https:\/\/www.classin.com\/vn\/careers\/","og_locale":"vi_VN","og_type":"article","og_title":"C\u01a1 h\u1ed9i ngh\u1ec1 nghi\u1ec7p t\u1ea1i ClassIn - Gi\u1ea3i ph\u00e1p d\u1ea1y h\u1ecdc chuy\u00ean nghi\u1ec7p","og_description":"ClassIn kh\u00f4ng ng\u1eebng ph\u00e1t tri\u1ec3n nh\u1eb1m gi\u00fap c\u00e1c gi\u00e1o vi\u00ean c\u00f3 th\u1ec3 th\u1ef1c hi\u1ec7n t\u1ed1t h\u01a1n nh\u1eefng c\u00f4ng vi\u1ec7c chuy\u00ean m\u00f4n c\u1ea3 trong v\u00e0 ngo\u00e0i l\u1edbp h\u1ecdc","og_url":"https:\/\/www.classin.com\/vn\/careers\/","og_site_name":"ClassIn | Gi\u1ea3i ph\u00e1p d\u1ea1y h\u1ecdc chuy\u00ean nghi\u1ec7p","article_modified_time":"2023-06-07T08:01:04+00:00","og_image":[{"width":1138,"height":760,"url":"https:\/\/st2.classin.com\/files\/wp\/2023\/04\/20230425093656712.jpg","type":"image\/jpeg"}],"twitter_card":"summary_large_image","schema":{"@context":"https:\/\/schema.org","@graph":[{"@type":"WebPage","@id":"https:\/\/www.classin.com\/vn\/careers\/","url":"https:\/\/www.classin.com\/vn\/careers\/","name":"C\u01a1 h\u1ed9i ngh\u1ec1 nghi\u1ec7p t\u1ea1i ClassIn - Gi\u1ea3i ph\u00e1p d\u1ea1y h\u1ecdc chuy\u00ean nghi\u1ec7p","isPartOf":{"@id":"https:\/\/www.classin.com\/vn\/#website"},"datePublished":"2023-03-03T09:02:58+00:00","dateModified":"2023-06-07T08:01:04+00:00","description":"ClassIn kh\u00f4ng ng\u1eebng ph\u00e1t tri\u1ec3n nh\u1eb1m gi\u00fap c\u00e1c gi\u00e1o vi\u00ean c\u00f3 th\u1ec3 th\u1ef1c hi\u1ec7n t\u1ed1t h\u01a1n nh\u1eefng c\u00f4ng vi\u1ec7c chuy\u00ean m\u00f4n c\u1ea3 trong v\u00e0 ngo\u00e0i l\u1edbp h\u1ecdc","breadcrumb":{"@id":"https:\/\/www.classin.com\/vn\/careers\/#breadcrumb"},"inLanguage":"vi","potentialAction":[{"@type":"ReadAction","target":["https:\/\/www.classin.com\/vn\/careers\/"]}]},{"@type":"BreadcrumbList","@id":"https:\/\/www.classin.com\/vn\/careers\/#breadcrumb","itemListElement":[{"@type":"ListItem","position":1,"name":"\u9996\u9875","item":"https:\/\/www.classin.com\/vn\/"},{"@type":"ListItem","position":2,"name":"C\u01a1 h\u1ed9i ngh\u1ec1 nghi\u1ec7p t\u1ea1i ClassIn"}]},{"@type":"WebSite","@id":"https:\/\/www.classin.com\/vn\/#website","url":"https:\/\/www.classin.com\/vn\/","name":"ClassIn | Gi\u1ea3i ph\u00e1p d\u1ea1y h\u1ecdc chuy\u00ean nghi\u1ec7p","description":"M\u1edf r\u1ed9ng quy m\u00f4 \u0111\u00e0o t\u1ea1o nhanh ch\u00f3ng, v\u1edbi c\u00e1c c\u00f4ng c\u1ee5 t\u01b0\u01a1ng t\u00e1c v\u00e0 qu\u1ea3n l\u00fd l\u1edbp h\u1ecdc m\u1ea1nh m\u1ebd, t\u00edch h\u1ee3p s\u1eb5n trong 1 \u1ee9ng d\u1ee5ng duy nh\u1ea5t","potentialAction":[{"@type":"SearchAction","target":{"@type":"EntryPoint","urlTemplate":"https:\/\/www.classin.com\/vn\/?s={search_term_string}"},"query-input":"required name=search_term_string"}],"inLanguage":"vi"}]}},"_links":{"self":[{"href":"https:\/\/www.classin.com\/vn\/wp-json\/wp\/v2\/pages\/869"}],"collection":[{"href":"https:\/\/www.classin.com\/vn\/wp-json\/wp\/v2\/pages"}],"about":[{"href":"https:\/\/www.classin.com\/vn\/wp-json\/wp\/v2\/types\/page"}],"author":[{"embeddable":true,"href":"https:\/\/www.classin.com\/vn\/wp-json\/wp\/v2\/users\/1"}],"replies":[{"embeddable":true,"href":"https:\/\/www.classin.com\/vn\/wp-json\/wp\/v2\/comments?post=869"}],"version-history":[{"count":2,"href":"https:\/\/www.classin.com\/vn\/wp-json\/wp\/v2\/pages\/869\/revisions"}],"predecessor-version":[{"id":1714,"href":"https:\/\/www.classin.com\/vn\/wp-json\/wp\/v2\/pages\/869\/revisions\/1714"}],"wp:attachment":[{"href":"https:\/\/www.classin.com\/vn\/wp-json\/wp\/v2\/media?parent=869"}],"curies":[{"name":"wp","href":"https:\/\/api.w.org\/{rel}","templated":true}]}}