{"id":84,"date":"2022-10-20T20:44:58","date_gmt":"2022-10-20T12:44:58","guid":{"rendered":"http:\/\/loc603.wordpress.com\/?page_id=2"},"modified":"2023-04-25T09:23:05","modified_gmt":"2023-04-25T09:23:05","slug":"blog","status":"publish","type":"page","link":"https:\/\/www.classin.com\/vn\/blog\/","title":{"rendered":"T\u1ed5ng h\u1ee3p B\u00e0i vi\u1ebft"},"content":{"rendered":"","protected":false},"excerpt":{"rendered":"","protected":false},"author":1,"featured_media":0,"parent":0,"menu_order":0,"comment_status":"closed","ping_status":"open","template":"single-blog.php","meta":[],"acf":[],"yoast_head":"<!-- This site is optimized with the Yoast SEO plugin v19.11 - https:\/\/yoast.com\/wordpress\/plugins\/seo\/ -->\n<title>T\u1ed5ng h\u1ee3p B\u00e0i vi\u1ebft t\u1eeb ClassIn<\/title>\n<meta name=\"description\" content=\"T\u1ed5ng h\u1ee3p c\u00e1c b\u00e0i vi\u1ebft m\u1edbi nh\u1ea5t t\u1eeb ClassIn: t\u00ednh n\u0103ng m\u1edbi, tin t\u1ee9c, ki\u1ebfn th\u1ee9c chuy\u00ean m\u00f4n, s\u1ef1 ki\u1ec7n, chia s\u1ebb... v\u00e0 nhi\u1ec1u th\u1ee9 kh\u00e1c n\u1eefa\" \/>\n<meta name=\"robots\" content=\"index, follow, max-snippet:-1, max-image-preview:large, max-video-preview:-1\" \/>\n<link rel=\"canonical\" href=\"https:\/\/www.classin.com\/vn\/blog\/\" \/>\n<meta property=\"og:locale\" content=\"vi_VN\" \/>\n<meta property=\"og:type\" content=\"article\" \/>\n<meta property=\"og:title\" content=\"T\u1ed5ng h\u1ee3p B\u00e0i vi\u1ebft t\u1eeb ClassIn\" \/>\n<meta property=\"og:description\" content=\"T\u1ed5ng h\u1ee3p c\u00e1c b\u00e0i vi\u1ebft m\u1edbi nh\u1ea5t t\u1eeb ClassIn: t\u00ednh n\u0103ng m\u1edbi, tin t\u1ee9c, ki\u1ebfn th\u1ee9c chuy\u00ean m\u00f4n, s\u1ef1 ki\u1ec7n, chia s\u1ebb... v\u00e0 nhi\u1ec1u th\u1ee9 kh\u00e1c n\u1eefa\" \/>\n<meta property=\"og:url\" content=\"https:\/\/www.classin.com\/vn\/blog\/\" \/>\n<meta property=\"og:site_name\" content=\"ClassIn | Gi\u1ea3i ph\u00e1p d\u1ea1y h\u1ecdc chuy\u00ean nghi\u1ec7p\" \/>\n<meta property=\"article:modified_time\" content=\"2023-04-25T09:23:05+00:00\" \/>\n<meta property=\"og:image\" content=\"https:\/\/st2.classin.com\/files\/wp\/2023\/04\/20230425091349920.jpg\" \/>\n\t<meta property=\"og:image:width\" content=\"815\" \/>\n\t<meta property=\"og:image:height\" content=\"543\" \/>\n\t<meta property=\"og:image:type\" content=\"image\/jpeg\" \/>\n<meta name=\"twitter:card\" content=\"summary_large_image\" \/>\n<script type=\"application\/ld+json\" class=\"yoast-schema-graph\">{\"@context\":\"https:\/\/schema.org\",\"@graph\":[{\"@type\":\"WebPage\",\"@id\":\"https:\/\/www.classin.com\/vn\/blog\/\",\"url\":\"https:\/\/www.classin.com\/vn\/blog\/\",\"name\":\"T\u1ed5ng h\u1ee3p B\u00e0i vi\u1ebft t\u1eeb ClassIn\",\"isPartOf\":{\"@id\":\"https:\/\/www.classin.com\/vn\/#website\"},\"datePublished\":\"2022-10-20T12:44:58+00:00\",\"dateModified\":\"2023-04-25T09:23:05+00:00\",\"description\":\"T\u1ed5ng h\u1ee3p c\u00e1c b\u00e0i vi\u1ebft m\u1edbi nh\u1ea5t t\u1eeb ClassIn: t\u00ednh n\u0103ng m\u1edbi, tin t\u1ee9c, ki\u1ebfn th\u1ee9c chuy\u00ean m\u00f4n, s\u1ef1 ki\u1ec7n, chia s\u1ebb... v\u00e0 nhi\u1ec1u th\u1ee9 kh\u00e1c n\u1eefa\",\"breadcrumb\":{\"@id\":\"https:\/\/www.classin.com\/vn\/blog\/#breadcrumb\"},\"inLanguage\":\"vi\",\"potentialAction\":[{\"@type\":\"ReadAction\",\"target\":[\"https:\/\/www.classin.com\/vn\/blog\/\"]}]},{\"@type\":\"BreadcrumbList\",\"@id\":\"https:\/\/www.classin.com\/vn\/blog\/#breadcrumb\",\"itemListElement\":[{\"@type\":\"ListItem\",\"position\":1,\"name\":\"\u9996\u9875\",\"item\":\"https:\/\/www.classin.com\/vn\/\"},{\"@type\":\"ListItem\",\"position\":2,\"name\":\"T\u1ed5ng h\u1ee3p B\u00e0i vi\u1ebft\"}]},{\"@type\":\"WebSite\",\"@id\":\"https:\/\/www.classin.com\/vn\/#website\",\"url\":\"https:\/\/www.classin.com\/vn\/\",\"name\":\"ClassIn | Gi\u1ea3i ph\u00e1p d\u1ea1y h\u1ecdc chuy\u00ean nghi\u1ec7p\",\"description\":\"M\u1edf r\u1ed9ng quy m\u00f4 \u0111\u00e0o t\u1ea1o nhanh ch\u00f3ng, v\u1edbi c\u00e1c c\u00f4ng c\u1ee5 t\u01b0\u01a1ng t\u00e1c v\u00e0 qu\u1ea3n l\u00fd l\u1edbp h\u1ecdc m\u1ea1nh m\u1ebd, t\u00edch h\u1ee3p s\u1eb5n trong 1 \u1ee9ng d\u1ee5ng duy nh\u1ea5t\",\"potentialAction\":[{\"@type\":\"SearchAction\",\"target\":{\"@type\":\"EntryPoint\",\"urlTemplate\":\"https:\/\/www.classin.com\/vn\/?s={search_term_string}\"},\"query-input\":\"required name=search_term_string\"}],\"inLanguage\":\"vi\"}]}<\/script>\n<!-- \/ Yoast SEO plugin. -->","yoast_head_json":{"title":"T\u1ed5ng h\u1ee3p B\u00e0i vi\u1ebft t\u1eeb ClassIn","description":"T\u1ed5ng h\u1ee3p c\u00e1c b\u00e0i vi\u1ebft m\u1edbi nh\u1ea5t t\u1eeb ClassIn: t\u00ednh n\u0103ng m\u1edbi, tin t\u1ee9c, ki\u1ebfn th\u1ee9c chuy\u00ean m\u00f4n, s\u1ef1 ki\u1ec7n, chia s\u1ebb... v\u00e0 nhi\u1ec1u th\u1ee9 kh\u00e1c n\u1eefa","robots":{"index":"index","follow":"follow","max-snippet":"max-snippet:-1","max-image-preview":"max-image-preview:large","max-video-preview":"max-video-preview:-1"},"canonical":"https:\/\/www.classin.com\/vn\/blog\/","og_locale":"vi_VN","og_type":"article","og_title":"T\u1ed5ng h\u1ee3p B\u00e0i vi\u1ebft t\u1eeb ClassIn","og_description":"T\u1ed5ng h\u1ee3p c\u00e1c b\u00e0i vi\u1ebft m\u1edbi nh\u1ea5t t\u1eeb ClassIn: t\u00ednh n\u0103ng m\u1edbi, tin t\u1ee9c, ki\u1ebfn th\u1ee9c chuy\u00ean m\u00f4n, s\u1ef1 ki\u1ec7n, chia s\u1ebb... v\u00e0 nhi\u1ec1u th\u1ee9 kh\u00e1c n\u1eefa","og_url":"https:\/\/www.classin.com\/vn\/blog\/","og_site_name":"ClassIn | Gi\u1ea3i ph\u00e1p d\u1ea1y h\u1ecdc chuy\u00ean nghi\u1ec7p","article_modified_time":"2023-04-25T09:23:05+00:00","og_image":[{"width":815,"height":543,"url":"https:\/\/st2.classin.com\/files\/wp\/2023\/04\/20230425091349920.jpg","type":"image\/jpeg"}],"twitter_card":"summary_large_image","schema":{"@context":"https:\/\/schema.org","@graph":[{"@type":"WebPage","@id":"https:\/\/www.classin.com\/vn\/blog\/","url":"https:\/\/www.classin.com\/vn\/blog\/","name":"T\u1ed5ng h\u1ee3p B\u00e0i vi\u1ebft t\u1eeb ClassIn","isPartOf":{"@id":"https:\/\/www.classin.com\/vn\/#website"},"datePublished":"2022-10-20T12:44:58+00:00","dateModified":"2023-04-25T09:23:05+00:00","description":"T\u1ed5ng h\u1ee3p c\u00e1c b\u00e0i vi\u1ebft m\u1edbi nh\u1ea5t t\u1eeb ClassIn: t\u00ednh n\u0103ng m\u1edbi, tin t\u1ee9c, ki\u1ebfn th\u1ee9c chuy\u00ean m\u00f4n, s\u1ef1 ki\u1ec7n, chia s\u1ebb... v\u00e0 nhi\u1ec1u th\u1ee9 kh\u00e1c n\u1eefa","breadcrumb":{"@id":"https:\/\/www.classin.com\/vn\/blog\/#breadcrumb"},"inLanguage":"vi","potentialAction":[{"@type":"ReadAction","target":["https:\/\/www.classin.com\/vn\/blog\/"]}]},{"@type":"BreadcrumbList","@id":"https:\/\/www.classin.com\/vn\/blog\/#breadcrumb","itemListElement":[{"@type":"ListItem","position":1,"name":"\u9996\u9875","item":"https:\/\/www.classin.com\/vn\/"},{"@type":"ListItem","position":2,"name":"T\u1ed5ng h\u1ee3p B\u00e0i vi\u1ebft"}]},{"@type":"WebSite","@id":"https:\/\/www.classin.com\/vn\/#website","url":"https:\/\/www.classin.com\/vn\/","name":"ClassIn | Gi\u1ea3i ph\u00e1p d\u1ea1y h\u1ecdc chuy\u00ean nghi\u1ec7p","description":"M\u1edf r\u1ed9ng quy m\u00f4 \u0111\u00e0o t\u1ea1o nhanh ch\u00f3ng, v\u1edbi c\u00e1c c\u00f4ng c\u1ee5 t\u01b0\u01a1ng t\u00e1c v\u00e0 qu\u1ea3n l\u00fd l\u1edbp h\u1ecdc m\u1ea1nh m\u1ebd, t\u00edch h\u1ee3p s\u1eb5n trong 1 \u1ee9ng d\u1ee5ng duy nh\u1ea5t","potentialAction":[{"@type":"SearchAction","target":{"@type":"EntryPoint","urlTemplate":"https:\/\/www.classin.com\/vn\/?s={search_term_string}"},"query-input":"required name=search_term_string"}],"inLanguage":"vi"}]}},"_links":{"self":[{"href":"https:\/\/www.classin.com\/vn\/wp-json\/wp\/v2\/pages\/84"}],"collection":[{"href":"https:\/\/www.classin.com\/vn\/wp-json\/wp\/v2\/pages"}],"about":[{"href":"https:\/\/www.classin.com\/vn\/wp-json\/wp\/v2\/types\/page"}],"author":[{"embeddable":true,"href":"https:\/\/www.classin.com\/vn\/wp-json\/wp\/v2\/users\/1"}],"replies":[{"embeddable":true,"href":"https:\/\/www.classin.com\/vn\/wp-json\/wp\/v2\/comments?post=84"}],"version-history":[{"count":2,"href":"https:\/\/www.classin.com\/vn\/wp-json\/wp\/v2\/pages\/84\/revisions"}],"predecessor-version":[{"id":1536,"href":"https:\/\/www.classin.com\/vn\/wp-json\/wp\/v2\/pages\/84\/revisions\/1536"}],"wp:attachment":[{"href":"https:\/\/www.classin.com\/vn\/wp-json\/wp\/v2\/media?parent=84"}],"curies":[{"name":"wp","href":"https:\/\/api.w.org\/{rel}","templated":true}]}}