{"id":319,"date":"2023-02-02T17:39:40","date_gmt":"2023-02-02T09:39:40","guid":{"rendered":"https:\/\/www-tmp14.classin.vip\/?page_id=319"},"modified":"2023-04-27T08:43:13","modified_gmt":"2023-04-27T08:43:13","slug":"hybrid_learning","status":"publish","type":"page","link":"https:\/\/www.classin.com\/vn\/hybrid_learning\/","title":{"rendered":"M\u00f4 h\u00ecnh d\u1ea1y h\u1ecdc k\u1ebft h\u1ee3p &#8211; Hybrid Learning"},"content":{"rendered":"","protected":false},"excerpt":{"rendered":"","protected":false},"author":1,"featured_media":0,"parent":0,"menu_order":0,"comment_status":"closed","ping_status":"closed","template":"single-hybrid_learning.php","meta":[],"acf":[],"yoast_head":"<!-- This site is optimized with the Yoast SEO plugin v19.11 - https:\/\/yoast.com\/wordpress\/plugins\/seo\/ -->\n<title>M\u00f4 h\u00ecnh d\u1ea1y h\u1ecdc k\u1ebft h\u1ee3p - Hybrid Learning - ClassIn | Gi\u1ea3i ph\u00e1p d\u1ea1y h\u1ecdc chuy\u00ean nghi\u1ec7p<\/title>\n<meta name=\"description\" content=\"ClassIn h\u1ed7 tr\u1ee3 t\u00edch h\u1ee3p kh\u00f4ng gian h\u1ecdc tr\u1ef1c tuy\u1ebfn v\u00e0 tr\u1ef1c ti\u1ebfp, gi\u00fap n\u00e2ng cao ch\u1ea5t l\u01b0\u1ee3ng gi\u1ea3ng d\u1ea1y v\u00e0 hi\u1ec7u qu\u1ea3 h\u1ecdc t\u1eadp\" \/>\n<meta name=\"robots\" content=\"index, follow, max-snippet:-1, max-image-preview:large, max-video-preview:-1\" \/>\n<link rel=\"canonical\" href=\"https:\/\/www.classin.com\/vn\/hybrid_learning\/\" \/>\n<meta property=\"og:locale\" content=\"vi_VN\" \/>\n<meta property=\"og:type\" content=\"article\" \/>\n<meta property=\"og:title\" content=\"M\u00f4 h\u00ecnh d\u1ea1y h\u1ecdc k\u1ebft h\u1ee3p - Hybrid Learning - ClassIn | Gi\u1ea3i ph\u00e1p d\u1ea1y h\u1ecdc chuy\u00ean nghi\u1ec7p\" \/>\n<meta property=\"og:description\" content=\"ClassIn h\u1ed7 tr\u1ee3 t\u00edch h\u1ee3p kh\u00f4ng gian h\u1ecdc tr\u1ef1c tuy\u1ebfn v\u00e0 tr\u1ef1c ti\u1ebfp, gi\u00fap n\u00e2ng cao ch\u1ea5t l\u01b0\u1ee3ng gi\u1ea3ng d\u1ea1y v\u00e0 hi\u1ec7u qu\u1ea3 h\u1ecdc t\u1eadp\" \/>\n<meta property=\"og:url\" content=\"https:\/\/www.classin.com\/vn\/hybrid_learning\/\" \/>\n<meta property=\"og:site_name\" content=\"ClassIn | Gi\u1ea3i ph\u00e1p d\u1ea1y h\u1ecdc chuy\u00ean nghi\u1ec7p\" \/>\n<meta property=\"article:modified_time\" content=\"2023-04-27T08:43:13+00:00\" \/>\n<meta property=\"og:image\" content=\"https:\/\/st2.classin.com\/files\/wp\/2023\/04\/20230425142743192.jpg\" \/>\n\t<meta property=\"og:image:width\" content=\"1080\" \/>\n\t<meta property=\"og:image:height\" content=\"563\" \/>\n\t<meta property=\"og:image:type\" content=\"image\/jpeg\" \/>\n<meta name=\"twitter:card\" content=\"summary_large_image\" \/>\n<script type=\"application\/ld+json\" class=\"yoast-schema-graph\">{\"@context\":\"https:\/\/schema.org\",\"@graph\":[{\"@type\":\"WebPage\",\"@id\":\"https:\/\/www.classin.com\/vn\/hybrid_learning\/\",\"url\":\"https:\/\/www.classin.com\/vn\/hybrid_learning\/\",\"name\":\"M\u00f4 h\u00ecnh d\u1ea1y h\u1ecdc k\u1ebft h\u1ee3p - Hybrid Learning - ClassIn | Gi\u1ea3i ph\u00e1p d\u1ea1y h\u1ecdc chuy\u00ean nghi\u1ec7p\",\"isPartOf\":{\"@id\":\"https:\/\/www.classin.com\/vn\/#website\"},\"datePublished\":\"2023-02-02T09:39:40+00:00\",\"dateModified\":\"2023-04-27T08:43:13+00:00\",\"description\":\"ClassIn h\u1ed7 tr\u1ee3 t\u00edch h\u1ee3p kh\u00f4ng gian h\u1ecdc tr\u1ef1c tuy\u1ebfn v\u00e0 tr\u1ef1c ti\u1ebfp, gi\u00fap n\u00e2ng cao ch\u1ea5t l\u01b0\u1ee3ng gi\u1ea3ng d\u1ea1y v\u00e0 hi\u1ec7u qu\u1ea3 h\u1ecdc t\u1eadp\",\"breadcrumb\":{\"@id\":\"https:\/\/www.classin.com\/vn\/hybrid_learning\/#breadcrumb\"},\"inLanguage\":\"vi\",\"potentialAction\":[{\"@type\":\"ReadAction\",\"target\":[\"https:\/\/www.classin.com\/vn\/hybrid_learning\/\"]}]},{\"@type\":\"BreadcrumbList\",\"@id\":\"https:\/\/www.classin.com\/vn\/hybrid_learning\/#breadcrumb\",\"itemListElement\":[{\"@type\":\"ListItem\",\"position\":1,\"name\":\"\u9996\u9875\",\"item\":\"https:\/\/www.classin.com\/vn\/\"},{\"@type\":\"ListItem\",\"position\":2,\"name\":\"M\u00f4 h\u00ecnh d\u1ea1y h\u1ecdc k\u1ebft h\u1ee3p &#8211; Hybrid Learning\"}]},{\"@type\":\"WebSite\",\"@id\":\"https:\/\/www.classin.com\/vn\/#website\",\"url\":\"https:\/\/www.classin.com\/vn\/\",\"name\":\"ClassIn | Gi\u1ea3i ph\u00e1p d\u1ea1y h\u1ecdc chuy\u00ean nghi\u1ec7p\",\"description\":\"M\u1edf r\u1ed9ng quy m\u00f4 \u0111\u00e0o t\u1ea1o nhanh ch\u00f3ng, v\u1edbi c\u00e1c c\u00f4ng c\u1ee5 t\u01b0\u01a1ng t\u00e1c v\u00e0 qu\u1ea3n l\u00fd l\u1edbp h\u1ecdc m\u1ea1nh m\u1ebd, t\u00edch h\u1ee3p s\u1eb5n trong 1 \u1ee9ng d\u1ee5ng duy nh\u1ea5t\",\"potentialAction\":[{\"@type\":\"SearchAction\",\"target\":{\"@type\":\"EntryPoint\",\"urlTemplate\":\"https:\/\/www.classin.com\/vn\/?s={search_term_string}\"},\"query-input\":\"required name=search_term_string\"}],\"inLanguage\":\"vi\"}]}<\/script>\n<!-- \/ Yoast SEO plugin. -->","yoast_head_json":{"title":"M\u00f4 h\u00ecnh d\u1ea1y h\u1ecdc k\u1ebft h\u1ee3p - Hybrid Learning - ClassIn | Gi\u1ea3i ph\u00e1p d\u1ea1y h\u1ecdc chuy\u00ean nghi\u1ec7p","description":"ClassIn h\u1ed7 tr\u1ee3 t\u00edch h\u1ee3p kh\u00f4ng gian h\u1ecdc tr\u1ef1c tuy\u1ebfn v\u00e0 tr\u1ef1c ti\u1ebfp, gi\u00fap n\u00e2ng cao ch\u1ea5t l\u01b0\u1ee3ng gi\u1ea3ng d\u1ea1y v\u00e0 hi\u1ec7u qu\u1ea3 h\u1ecdc t\u1eadp","robots":{"index":"index","follow":"follow","max-snippet":"max-snippet:-1","max-image-preview":"max-image-preview:large","max-video-preview":"max-video-preview:-1"},"canonical":"https:\/\/www.classin.com\/vn\/hybrid_learning\/","og_locale":"vi_VN","og_type":"article","og_title":"M\u00f4 h\u00ecnh d\u1ea1y h\u1ecdc k\u1ebft h\u1ee3p - Hybrid Learning - ClassIn | Gi\u1ea3i ph\u00e1p d\u1ea1y h\u1ecdc chuy\u00ean nghi\u1ec7p","og_description":"ClassIn h\u1ed7 tr\u1ee3 t\u00edch h\u1ee3p kh\u00f4ng gian h\u1ecdc tr\u1ef1c tuy\u1ebfn v\u00e0 tr\u1ef1c ti\u1ebfp, gi\u00fap n\u00e2ng cao ch\u1ea5t l\u01b0\u1ee3ng gi\u1ea3ng d\u1ea1y v\u00e0 hi\u1ec7u qu\u1ea3 h\u1ecdc t\u1eadp","og_url":"https:\/\/www.classin.com\/vn\/hybrid_learning\/","og_site_name":"ClassIn | Gi\u1ea3i ph\u00e1p d\u1ea1y h\u1ecdc chuy\u00ean nghi\u1ec7p","article_modified_time":"2023-04-27T08:43:13+00:00","og_image":[{"width":1080,"height":563,"url":"https:\/\/st2.classin.com\/files\/wp\/2023\/04\/20230425142743192.jpg","type":"image\/jpeg"}],"twitter_card":"summary_large_image","schema":{"@context":"https:\/\/schema.org","@graph":[{"@type":"WebPage","@id":"https:\/\/www.classin.com\/vn\/hybrid_learning\/","url":"https:\/\/www.classin.com\/vn\/hybrid_learning\/","name":"M\u00f4 h\u00ecnh d\u1ea1y h\u1ecdc k\u1ebft h\u1ee3p - Hybrid Learning - ClassIn | Gi\u1ea3i ph\u00e1p d\u1ea1y h\u1ecdc chuy\u00ean nghi\u1ec7p","isPartOf":{"@id":"https:\/\/www.classin.com\/vn\/#website"},"datePublished":"2023-02-02T09:39:40+00:00","dateModified":"2023-04-27T08:43:13+00:00","description":"ClassIn h\u1ed7 tr\u1ee3 t\u00edch h\u1ee3p kh\u00f4ng gian h\u1ecdc tr\u1ef1c tuy\u1ebfn v\u00e0 tr\u1ef1c ti\u1ebfp, gi\u00fap n\u00e2ng cao ch\u1ea5t l\u01b0\u1ee3ng gi\u1ea3ng d\u1ea1y v\u00e0 hi\u1ec7u qu\u1ea3 h\u1ecdc t\u1eadp","breadcrumb":{"@id":"https:\/\/www.classin.com\/vn\/hybrid_learning\/#breadcrumb"},"inLanguage":"vi","potentialAction":[{"@type":"ReadAction","target":["https:\/\/www.classin.com\/vn\/hybrid_learning\/"]}]},{"@type":"BreadcrumbList","@id":"https:\/\/www.classin.com\/vn\/hybrid_learning\/#breadcrumb","itemListElement":[{"@type":"ListItem","position":1,"name":"\u9996\u9875","item":"https:\/\/www.classin.com\/vn\/"},{"@type":"ListItem","position":2,"name":"M\u00f4 h\u00ecnh d\u1ea1y h\u1ecdc k\u1ebft h\u1ee3p &#8211; Hybrid Learning"}]},{"@type":"WebSite","@id":"https:\/\/www.classin.com\/vn\/#website","url":"https:\/\/www.classin.com\/vn\/","name":"ClassIn | Gi\u1ea3i ph\u00e1p d\u1ea1y h\u1ecdc chuy\u00ean nghi\u1ec7p","description":"M\u1edf r\u1ed9ng quy m\u00f4 \u0111\u00e0o t\u1ea1o nhanh ch\u00f3ng, v\u1edbi c\u00e1c c\u00f4ng c\u1ee5 t\u01b0\u01a1ng t\u00e1c v\u00e0 qu\u1ea3n l\u00fd l\u1edbp h\u1ecdc m\u1ea1nh m\u1ebd, t\u00edch h\u1ee3p s\u1eb5n trong 1 \u1ee9ng d\u1ee5ng duy nh\u1ea5t","potentialAction":[{"@type":"SearchAction","target":{"@type":"EntryPoint","urlTemplate":"https:\/\/www.classin.com\/vn\/?s={search_term_string}"},"query-input":"required name=search_term_string"}],"inLanguage":"vi"}]}},"_links":{"self":[{"href":"https:\/\/www.classin.com\/vn\/wp-json\/wp\/v2\/pages\/319"}],"collection":[{"href":"https:\/\/www.classin.com\/vn\/wp-json\/wp\/v2\/pages"}],"about":[{"href":"https:\/\/www.classin.com\/vn\/wp-json\/wp\/v2\/types\/page"}],"author":[{"embeddable":true,"href":"https:\/\/www.classin.com\/vn\/wp-json\/wp\/v2\/users\/1"}],"replies":[{"embeddable":true,"href":"https:\/\/www.classin.com\/vn\/wp-json\/wp\/v2\/comments?post=319"}],"version-history":[{"count":2,"href":"https:\/\/www.classin.com\/vn\/wp-json\/wp\/v2\/pages\/319\/revisions"}],"predecessor-version":[{"id":1722,"href":"https:\/\/www.classin.com\/vn\/wp-json\/wp\/v2\/pages\/319\/revisions\/1722"}],"wp:attachment":[{"href":"https:\/\/www.classin.com\/vn\/wp-json\/wp\/v2\/media?parent=319"}],"curies":[{"name":"wp","href":"https:\/\/api.w.org\/{rel}","templated":true}]}}