{"id":194,"date":"2022-11-21T17:22:03","date_gmt":"2022-11-21T09:22:03","guid":{"rendered":"http:\/\/wp.test.com\/?page_id=194"},"modified":"2023-04-25T09:27:08","modified_gmt":"2023-04-25T09:27:08","slug":"tutor","status":"publish","type":"page","link":"https:\/\/www.classin.com\/vn\/tutor\/","title":{"rendered":"ClassIn ph\u1ee5c v\u1ee5 nhu c\u1ea7u D\u1ea1y k\u00e8m"},"content":{"rendered":"","protected":false},"excerpt":{"rendered":"","protected":false},"author":1,"featured_media":0,"parent":0,"menu_order":0,"comment_status":"closed","ping_status":"closed","template":"single-tutor.php","meta":[],"acf":[],"yoast_head":"<!-- This site is optimized with the Yoast SEO plugin v19.11 - https:\/\/yoast.com\/wordpress\/plugins\/seo\/ -->\n<title>ClassIn ph\u1ee5c v\u1ee5 nhu c\u1ea7u D\u1ea1y k\u00e8m<\/title>\n<meta name=\"description\" content=\"ClassIn r\u1ea5t ph\u00f9 h\u1ee3p v\u1edbi nhu c\u1ea7u D\u1ea1y k\u00e8m, gi\u00fap c\u00e1c d\u1ec5 d\u00e0ng t\u1ed5 ch\u1ee9c, t\u01b0\u01a1ng t\u00e1c, giao b\u00e0i t\u1eadp v\u00e0 ki\u1ec3m tra ngay trong 1 \u1ee9ng d\u1ee5ng.\" \/>\n<meta name=\"robots\" content=\"index, follow, max-snippet:-1, max-image-preview:large, max-video-preview:-1\" \/>\n<link rel=\"canonical\" href=\"https:\/\/www.classin.com\/vn\/tutor\/\" \/>\n<meta property=\"og:locale\" content=\"vi_VN\" \/>\n<meta property=\"og:type\" content=\"article\" \/>\n<meta property=\"og:title\" content=\"ClassIn ph\u1ee5c v\u1ee5 nhu c\u1ea7u D\u1ea1y k\u00e8m\" \/>\n<meta property=\"og:description\" content=\"ClassIn r\u1ea5t ph\u00f9 h\u1ee3p v\u1edbi nhu c\u1ea7u D\u1ea1y k\u00e8m, gi\u00fap c\u00e1c d\u1ec5 d\u00e0ng t\u1ed5 ch\u1ee9c, t\u01b0\u01a1ng t\u00e1c, giao b\u00e0i t\u1eadp v\u00e0 ki\u1ec3m tra ngay trong 1 \u1ee9ng d\u1ee5ng.\" \/>\n<meta property=\"og:url\" content=\"https:\/\/www.classin.com\/vn\/tutor\/\" \/>\n<meta property=\"og:site_name\" content=\"ClassIn | Gi\u1ea3i ph\u00e1p d\u1ea1y h\u1ecdc chuy\u00ean nghi\u1ec7p\" \/>\n<meta property=\"article:modified_time\" content=\"2023-04-25T09:27:08+00:00\" \/>\n<meta property=\"og:image\" content=\"https:\/\/st2.classin.com\/files\/wp\/2023\/04\/20230425091353504.jpg\" \/>\n\t<meta property=\"og:image:width\" content=\"2171\" \/>\n\t<meta property=\"og:image:height\" content=\"1448\" \/>\n\t<meta property=\"og:image:type\" content=\"image\/jpeg\" \/>\n<meta name=\"twitter:card\" content=\"summary_large_image\" \/>\n<script type=\"application\/ld+json\" class=\"yoast-schema-graph\">{\"@context\":\"https:\/\/schema.org\",\"@graph\":[{\"@type\":\"WebPage\",\"@id\":\"https:\/\/www.classin.com\/vn\/tutor\/\",\"url\":\"https:\/\/www.classin.com\/vn\/tutor\/\",\"name\":\"ClassIn ph\u1ee5c v\u1ee5 nhu c\u1ea7u D\u1ea1y k\u00e8m\",\"isPartOf\":{\"@id\":\"https:\/\/www.classin.com\/vn\/#website\"},\"datePublished\":\"2022-11-21T09:22:03+00:00\",\"dateModified\":\"2023-04-25T09:27:08+00:00\",\"description\":\"ClassIn r\u1ea5t ph\u00f9 h\u1ee3p v\u1edbi nhu c\u1ea7u D\u1ea1y k\u00e8m, gi\u00fap c\u00e1c d\u1ec5 d\u00e0ng t\u1ed5 ch\u1ee9c, t\u01b0\u01a1ng t\u00e1c, giao b\u00e0i t\u1eadp v\u00e0 ki\u1ec3m tra ngay trong 1 \u1ee9ng d\u1ee5ng.\",\"breadcrumb\":{\"@id\":\"https:\/\/www.classin.com\/vn\/tutor\/#breadcrumb\"},\"inLanguage\":\"vi\",\"potentialAction\":[{\"@type\":\"ReadAction\",\"target\":[\"https:\/\/www.classin.com\/vn\/tutor\/\"]}]},{\"@type\":\"BreadcrumbList\",\"@id\":\"https:\/\/www.classin.com\/vn\/tutor\/#breadcrumb\",\"itemListElement\":[{\"@type\":\"ListItem\",\"position\":1,\"name\":\"\u9996\u9875\",\"item\":\"https:\/\/www.classin.com\/vn\/\"},{\"@type\":\"ListItem\",\"position\":2,\"name\":\"ClassIn ph\u1ee5c v\u1ee5 nhu c\u1ea7u D\u1ea1y k\u00e8m\"}]},{\"@type\":\"WebSite\",\"@id\":\"https:\/\/www.classin.com\/vn\/#website\",\"url\":\"https:\/\/www.classin.com\/vn\/\",\"name\":\"ClassIn | Gi\u1ea3i ph\u00e1p d\u1ea1y h\u1ecdc chuy\u00ean nghi\u1ec7p\",\"description\":\"M\u1edf r\u1ed9ng quy m\u00f4 \u0111\u00e0o t\u1ea1o nhanh ch\u00f3ng, v\u1edbi c\u00e1c c\u00f4ng c\u1ee5 t\u01b0\u01a1ng t\u00e1c v\u00e0 qu\u1ea3n l\u00fd l\u1edbp h\u1ecdc m\u1ea1nh m\u1ebd, t\u00edch h\u1ee3p s\u1eb5n trong 1 \u1ee9ng d\u1ee5ng duy nh\u1ea5t\",\"potentialAction\":[{\"@type\":\"SearchAction\",\"target\":{\"@type\":\"EntryPoint\",\"urlTemplate\":\"https:\/\/www.classin.com\/vn\/?s={search_term_string}\"},\"query-input\":\"required name=search_term_string\"}],\"inLanguage\":\"vi\"}]}<\/script>\n<!-- \/ Yoast SEO plugin. -->","yoast_head_json":{"title":"ClassIn ph\u1ee5c v\u1ee5 nhu c\u1ea7u D\u1ea1y k\u00e8m","description":"ClassIn r\u1ea5t ph\u00f9 h\u1ee3p v\u1edbi nhu c\u1ea7u D\u1ea1y k\u00e8m, gi\u00fap c\u00e1c d\u1ec5 d\u00e0ng t\u1ed5 ch\u1ee9c, t\u01b0\u01a1ng t\u00e1c, giao b\u00e0i t\u1eadp v\u00e0 ki\u1ec3m tra ngay trong 1 \u1ee9ng d\u1ee5ng.","robots":{"index":"index","follow":"follow","max-snippet":"max-snippet:-1","max-image-preview":"max-image-preview:large","max-video-preview":"max-video-preview:-1"},"canonical":"https:\/\/www.classin.com\/vn\/tutor\/","og_locale":"vi_VN","og_type":"article","og_title":"ClassIn ph\u1ee5c v\u1ee5 nhu c\u1ea7u D\u1ea1y k\u00e8m","og_description":"ClassIn r\u1ea5t ph\u00f9 h\u1ee3p v\u1edbi nhu c\u1ea7u D\u1ea1y k\u00e8m, gi\u00fap c\u00e1c d\u1ec5 d\u00e0ng t\u1ed5 ch\u1ee9c, t\u01b0\u01a1ng t\u00e1c, giao b\u00e0i t\u1eadp v\u00e0 ki\u1ec3m tra ngay trong 1 \u1ee9ng d\u1ee5ng.","og_url":"https:\/\/www.classin.com\/vn\/tutor\/","og_site_name":"ClassIn | Gi\u1ea3i ph\u00e1p d\u1ea1y h\u1ecdc chuy\u00ean nghi\u1ec7p","article_modified_time":"2023-04-25T09:27:08+00:00","og_image":[{"width":2171,"height":1448,"url":"https:\/\/st2.classin.com\/files\/wp\/2023\/04\/20230425091353504.jpg","type":"image\/jpeg"}],"twitter_card":"summary_large_image","schema":{"@context":"https:\/\/schema.org","@graph":[{"@type":"WebPage","@id":"https:\/\/www.classin.com\/vn\/tutor\/","url":"https:\/\/www.classin.com\/vn\/tutor\/","name":"ClassIn ph\u1ee5c v\u1ee5 nhu c\u1ea7u D\u1ea1y k\u00e8m","isPartOf":{"@id":"https:\/\/www.classin.com\/vn\/#website"},"datePublished":"2022-11-21T09:22:03+00:00","dateModified":"2023-04-25T09:27:08+00:00","description":"ClassIn r\u1ea5t ph\u00f9 h\u1ee3p v\u1edbi nhu c\u1ea7u D\u1ea1y k\u00e8m, gi\u00fap c\u00e1c d\u1ec5 d\u00e0ng t\u1ed5 ch\u1ee9c, t\u01b0\u01a1ng t\u00e1c, giao b\u00e0i t\u1eadp v\u00e0 ki\u1ec3m tra ngay trong 1 \u1ee9ng d\u1ee5ng.","breadcrumb":{"@id":"https:\/\/www.classin.com\/vn\/tutor\/#breadcrumb"},"inLanguage":"vi","potentialAction":[{"@type":"ReadAction","target":["https:\/\/www.classin.com\/vn\/tutor\/"]}]},{"@type":"BreadcrumbList","@id":"https:\/\/www.classin.com\/vn\/tutor\/#breadcrumb","itemListElement":[{"@type":"ListItem","position":1,"name":"\u9996\u9875","item":"https:\/\/www.classin.com\/vn\/"},{"@type":"ListItem","position":2,"name":"ClassIn ph\u1ee5c v\u1ee5 nhu c\u1ea7u D\u1ea1y k\u00e8m"}]},{"@type":"WebSite","@id":"https:\/\/www.classin.com\/vn\/#website","url":"https:\/\/www.classin.com\/vn\/","name":"ClassIn | Gi\u1ea3i ph\u00e1p d\u1ea1y h\u1ecdc chuy\u00ean nghi\u1ec7p","description":"M\u1edf r\u1ed9ng quy m\u00f4 \u0111\u00e0o t\u1ea1o nhanh ch\u00f3ng, v\u1edbi c\u00e1c c\u00f4ng c\u1ee5 t\u01b0\u01a1ng t\u00e1c v\u00e0 qu\u1ea3n l\u00fd l\u1edbp h\u1ecdc m\u1ea1nh m\u1ebd, t\u00edch h\u1ee3p s\u1eb5n trong 1 \u1ee9ng d\u1ee5ng duy nh\u1ea5t","potentialAction":[{"@type":"SearchAction","target":{"@type":"EntryPoint","urlTemplate":"https:\/\/www.classin.com\/vn\/?s={search_term_string}"},"query-input":"required name=search_term_string"}],"inLanguage":"vi"}]}},"_links":{"self":[{"href":"https:\/\/www.classin.com\/vn\/wp-json\/wp\/v2\/pages\/194"}],"collection":[{"href":"https:\/\/www.classin.com\/vn\/wp-json\/wp\/v2\/pages"}],"about":[{"href":"https:\/\/www.classin.com\/vn\/wp-json\/wp\/v2\/types\/page"}],"author":[{"embeddable":true,"href":"https:\/\/www.classin.com\/vn\/wp-json\/wp\/v2\/users\/1"}],"replies":[{"embeddable":true,"href":"https:\/\/www.classin.com\/vn\/wp-json\/wp\/v2\/comments?post=194"}],"version-history":[{"count":3,"href":"https:\/\/www.classin.com\/vn\/wp-json\/wp\/v2\/pages\/194\/revisions"}],"predecessor-version":[{"id":1841,"href":"https:\/\/www.classin.com\/vn\/wp-json\/wp\/v2\/pages\/194\/revisions\/1841"}],"wp:attachment":[{"href":"https:\/\/www.classin.com\/vn\/wp-json\/wp\/v2\/media?parent=194"}],"curies":[{"name":"wp","href":"https:\/\/api.w.org\/{rel}","templated":true}]}}