{"id":1393,"date":"2023-03-24T14:18:11","date_gmt":"2023-03-24T06:18:11","guid":{"rendered":"https:\/\/www-tmp14-new.classin.vip\/?page_id=1393"},"modified":"2023-04-27T08:43:57","modified_gmt":"2023-04-27T08:43:57","slug":"forget","status":"publish","type":"page","link":"https:\/\/www.classin.com\/vn\/forget\/","title":{"rendered":"Qu\u00ean m\u1eadt kh\u1ea9u \u0111\u0103ng nh\u1eadp ClassIn"},"content":{"rendered":"","protected":false},"excerpt":{"rendered":"","protected":false},"author":1,"featured_media":0,"parent":0,"menu_order":0,"comment_status":"closed","ping_status":"closed","template":"single-forget.php","meta":[],"acf":[],"yoast_head":"<!-- This site is optimized with the Yoast SEO plugin v19.11 - https:\/\/yoast.com\/wordpress\/plugins\/seo\/ -->\n<title>Qu\u00ean m\u1eadt kh\u1ea9u \u0111\u0103ng nh\u1eadp ClassIn - ClassIn | Gi\u1ea3i ph\u00e1p d\u1ea1y h\u1ecdc chuy\u00ean nghi\u1ec7p<\/title>\n<meta name=\"description\" content=\"\u0110\u1ec3 l\u1ea5y l\u1ea1i m\u1eadt kh\u1ea9u, vui l\u00f2ng nh\u1eadp \u0111\u1ecba ch\u1ec9 email ho\u1eb7c s\u1ed1 \u0111i\u1ec7n tho\u1ea1i b\u1ea1n \u0111\u00e3 \u0111\u0103ng k\u00fd v\u1edbi ClassIn \u0111\u1ec3 \u0111\u1eb7t l\u1ea1i m\u1eadt kh\u1ea9u c\u1ee7a m\u00ecnh\" \/>\n<meta name=\"robots\" content=\"index, follow, max-snippet:-1, max-image-preview:large, max-video-preview:-1\" \/>\n<link rel=\"canonical\" href=\"https:\/\/www.classin.com\/vn\/forget\/\" \/>\n<meta property=\"og:locale\" content=\"vi_VN\" \/>\n<meta property=\"og:type\" content=\"article\" \/>\n<meta property=\"og:title\" content=\"Qu\u00ean m\u1eadt kh\u1ea9u \u0111\u0103ng nh\u1eadp ClassIn - ClassIn | Gi\u1ea3i ph\u00e1p d\u1ea1y h\u1ecdc chuy\u00ean nghi\u1ec7p\" \/>\n<meta property=\"og:description\" content=\"\u0110\u1ec3 l\u1ea5y l\u1ea1i m\u1eadt kh\u1ea9u, vui l\u00f2ng nh\u1eadp \u0111\u1ecba ch\u1ec9 email ho\u1eb7c s\u1ed1 \u0111i\u1ec7n tho\u1ea1i b\u1ea1n \u0111\u00e3 \u0111\u0103ng k\u00fd v\u1edbi ClassIn \u0111\u1ec3 \u0111\u1eb7t l\u1ea1i m\u1eadt kh\u1ea9u c\u1ee7a m\u00ecnh\" \/>\n<meta property=\"og:url\" content=\"https:\/\/www.classin.com\/vn\/forget\/\" \/>\n<meta property=\"og:site_name\" content=\"ClassIn | Gi\u1ea3i ph\u00e1p d\u1ea1y h\u1ecdc chuy\u00ean nghi\u1ec7p\" \/>\n<meta property=\"article:modified_time\" content=\"2023-04-27T08:43:57+00:00\" \/>\n<meta property=\"og:image\" content=\"https:\/\/st2.classin.com\/files\/wp\/2023\/04\/20230425083755969.jpg\" \/>\n\t<meta property=\"og:image:width\" content=\"2560\" \/>\n\t<meta property=\"og:image:height\" content=\"1440\" \/>\n\t<meta property=\"og:image:type\" content=\"image\/jpeg\" \/>\n<meta name=\"twitter:card\" content=\"summary_large_image\" \/>\n<script type=\"application\/ld+json\" class=\"yoast-schema-graph\">{\"@context\":\"https:\/\/schema.org\",\"@graph\":[{\"@type\":\"WebPage\",\"@id\":\"https:\/\/www.classin.com\/vn\/forget\/\",\"url\":\"https:\/\/www.classin.com\/vn\/forget\/\",\"name\":\"Qu\u00ean m\u1eadt kh\u1ea9u \u0111\u0103ng nh\u1eadp ClassIn - ClassIn | Gi\u1ea3i ph\u00e1p d\u1ea1y h\u1ecdc chuy\u00ean nghi\u1ec7p\",\"isPartOf\":{\"@id\":\"https:\/\/www.classin.com\/vn\/#website\"},\"datePublished\":\"2023-03-24T06:18:11+00:00\",\"dateModified\":\"2023-04-27T08:43:57+00:00\",\"description\":\"\u0110\u1ec3 l\u1ea5y l\u1ea1i m\u1eadt kh\u1ea9u, vui l\u00f2ng nh\u1eadp \u0111\u1ecba ch\u1ec9 email ho\u1eb7c s\u1ed1 \u0111i\u1ec7n tho\u1ea1i b\u1ea1n \u0111\u00e3 \u0111\u0103ng k\u00fd v\u1edbi ClassIn \u0111\u1ec3 \u0111\u1eb7t l\u1ea1i m\u1eadt kh\u1ea9u c\u1ee7a m\u00ecnh\",\"breadcrumb\":{\"@id\":\"https:\/\/www.classin.com\/vn\/forget\/#breadcrumb\"},\"inLanguage\":\"vi\",\"potentialAction\":[{\"@type\":\"ReadAction\",\"target\":[\"https:\/\/www.classin.com\/vn\/forget\/\"]}]},{\"@type\":\"BreadcrumbList\",\"@id\":\"https:\/\/www.classin.com\/vn\/forget\/#breadcrumb\",\"itemListElement\":[{\"@type\":\"ListItem\",\"position\":1,\"name\":\"\u9996\u9875\",\"item\":\"https:\/\/www.classin.com\/vn\/\"},{\"@type\":\"ListItem\",\"position\":2,\"name\":\"Qu\u00ean m\u1eadt kh\u1ea9u \u0111\u0103ng nh\u1eadp ClassIn\"}]},{\"@type\":\"WebSite\",\"@id\":\"https:\/\/www.classin.com\/vn\/#website\",\"url\":\"https:\/\/www.classin.com\/vn\/\",\"name\":\"ClassIn | Gi\u1ea3i ph\u00e1p d\u1ea1y h\u1ecdc chuy\u00ean nghi\u1ec7p\",\"description\":\"M\u1edf r\u1ed9ng quy m\u00f4 \u0111\u00e0o t\u1ea1o nhanh ch\u00f3ng, v\u1edbi c\u00e1c c\u00f4ng c\u1ee5 t\u01b0\u01a1ng t\u00e1c v\u00e0 qu\u1ea3n l\u00fd l\u1edbp h\u1ecdc m\u1ea1nh m\u1ebd, t\u00edch h\u1ee3p s\u1eb5n trong 1 \u1ee9ng d\u1ee5ng duy nh\u1ea5t\",\"potentialAction\":[{\"@type\":\"SearchAction\",\"target\":{\"@type\":\"EntryPoint\",\"urlTemplate\":\"https:\/\/www.classin.com\/vn\/?s={search_term_string}\"},\"query-input\":\"required name=search_term_string\"}],\"inLanguage\":\"vi\"}]}<\/script>\n<!-- \/ Yoast SEO plugin. -->","yoast_head_json":{"title":"Qu\u00ean m\u1eadt kh\u1ea9u \u0111\u0103ng nh\u1eadp ClassIn - ClassIn | Gi\u1ea3i ph\u00e1p d\u1ea1y h\u1ecdc chuy\u00ean nghi\u1ec7p","description":"\u0110\u1ec3 l\u1ea5y l\u1ea1i m\u1eadt kh\u1ea9u, vui l\u00f2ng nh\u1eadp \u0111\u1ecba ch\u1ec9 email ho\u1eb7c s\u1ed1 \u0111i\u1ec7n tho\u1ea1i b\u1ea1n \u0111\u00e3 \u0111\u0103ng k\u00fd v\u1edbi ClassIn \u0111\u1ec3 \u0111\u1eb7t l\u1ea1i m\u1eadt kh\u1ea9u c\u1ee7a m\u00ecnh","robots":{"index":"index","follow":"follow","max-snippet":"max-snippet:-1","max-image-preview":"max-image-preview:large","max-video-preview":"max-video-preview:-1"},"canonical":"https:\/\/www.classin.com\/vn\/forget\/","og_locale":"vi_VN","og_type":"article","og_title":"Qu\u00ean m\u1eadt kh\u1ea9u \u0111\u0103ng nh\u1eadp ClassIn - ClassIn | Gi\u1ea3i ph\u00e1p d\u1ea1y h\u1ecdc chuy\u00ean nghi\u1ec7p","og_description":"\u0110\u1ec3 l\u1ea5y l\u1ea1i m\u1eadt kh\u1ea9u, vui l\u00f2ng nh\u1eadp \u0111\u1ecba ch\u1ec9 email ho\u1eb7c s\u1ed1 \u0111i\u1ec7n tho\u1ea1i b\u1ea1n \u0111\u00e3 \u0111\u0103ng k\u00fd v\u1edbi ClassIn \u0111\u1ec3 \u0111\u1eb7t l\u1ea1i m\u1eadt kh\u1ea9u c\u1ee7a m\u00ecnh","og_url":"https:\/\/www.classin.com\/vn\/forget\/","og_site_name":"ClassIn | Gi\u1ea3i ph\u00e1p d\u1ea1y h\u1ecdc chuy\u00ean nghi\u1ec7p","article_modified_time":"2023-04-27T08:43:57+00:00","og_image":[{"width":2560,"height":1440,"url":"https:\/\/st2.classin.com\/files\/wp\/2023\/04\/20230425083755969.jpg","type":"image\/jpeg"}],"twitter_card":"summary_large_image","schema":{"@context":"https:\/\/schema.org","@graph":[{"@type":"WebPage","@id":"https:\/\/www.classin.com\/vn\/forget\/","url":"https:\/\/www.classin.com\/vn\/forget\/","name":"Qu\u00ean m\u1eadt kh\u1ea9u \u0111\u0103ng nh\u1eadp ClassIn - ClassIn | Gi\u1ea3i ph\u00e1p d\u1ea1y h\u1ecdc chuy\u00ean nghi\u1ec7p","isPartOf":{"@id":"https:\/\/www.classin.com\/vn\/#website"},"datePublished":"2023-03-24T06:18:11+00:00","dateModified":"2023-04-27T08:43:57+00:00","description":"\u0110\u1ec3 l\u1ea5y l\u1ea1i m\u1eadt kh\u1ea9u, vui l\u00f2ng nh\u1eadp \u0111\u1ecba ch\u1ec9 email ho\u1eb7c s\u1ed1 \u0111i\u1ec7n tho\u1ea1i b\u1ea1n \u0111\u00e3 \u0111\u0103ng k\u00fd v\u1edbi ClassIn \u0111\u1ec3 \u0111\u1eb7t l\u1ea1i m\u1eadt kh\u1ea9u c\u1ee7a m\u00ecnh","breadcrumb":{"@id":"https:\/\/www.classin.com\/vn\/forget\/#breadcrumb"},"inLanguage":"vi","potentialAction":[{"@type":"ReadAction","target":["https:\/\/www.classin.com\/vn\/forget\/"]}]},{"@type":"BreadcrumbList","@id":"https:\/\/www.classin.com\/vn\/forget\/#breadcrumb","itemListElement":[{"@type":"ListItem","position":1,"name":"\u9996\u9875","item":"https:\/\/www.classin.com\/vn\/"},{"@type":"ListItem","position":2,"name":"Qu\u00ean m\u1eadt kh\u1ea9u \u0111\u0103ng nh\u1eadp ClassIn"}]},{"@type":"WebSite","@id":"https:\/\/www.classin.com\/vn\/#website","url":"https:\/\/www.classin.com\/vn\/","name":"ClassIn | Gi\u1ea3i ph\u00e1p d\u1ea1y h\u1ecdc chuy\u00ean nghi\u1ec7p","description":"M\u1edf r\u1ed9ng quy m\u00f4 \u0111\u00e0o t\u1ea1o nhanh ch\u00f3ng, v\u1edbi c\u00e1c c\u00f4ng c\u1ee5 t\u01b0\u01a1ng t\u00e1c v\u00e0 qu\u1ea3n l\u00fd l\u1edbp h\u1ecdc m\u1ea1nh m\u1ebd, t\u00edch h\u1ee3p s\u1eb5n trong 1 \u1ee9ng d\u1ee5ng duy nh\u1ea5t","potentialAction":[{"@type":"SearchAction","target":{"@type":"EntryPoint","urlTemplate":"https:\/\/www.classin.com\/vn\/?s={search_term_string}"},"query-input":"required name=search_term_string"}],"inLanguage":"vi"}]}},"_links":{"self":[{"href":"https:\/\/www.classin.com\/vn\/wp-json\/wp\/v2\/pages\/1393"}],"collection":[{"href":"https:\/\/www.classin.com\/vn\/wp-json\/wp\/v2\/pages"}],"about":[{"href":"https:\/\/www.classin.com\/vn\/wp-json\/wp\/v2\/types\/page"}],"author":[{"embeddable":true,"href":"https:\/\/www.classin.com\/vn\/wp-json\/wp\/v2\/users\/1"}],"replies":[{"embeddable":true,"href":"https:\/\/www.classin.com\/vn\/wp-json\/wp\/v2\/comments?post=1393"}],"version-history":[{"count":2,"href":"https:\/\/www.classin.com\/vn\/wp-json\/wp\/v2\/pages\/1393\/revisions"}],"predecessor-version":[{"id":1718,"href":"https:\/\/www.classin.com\/vn\/wp-json\/wp\/v2\/pages\/1393\/revisions\/1718"}],"wp:attachment":[{"href":"https:\/\/www.classin.com\/vn\/wp-json\/wp\/v2\/media?parent=1393"}],"curies":[{"name":"wp","href":"https:\/\/api.w.org\/{rel}","templated":true}]}}