{"id":1283,"date":"2023-03-13T16:58:22","date_gmt":"2023-03-13T08:58:22","guid":{"rendered":"https:\/\/www-tmp14.classin.vip\/?page_id=1283"},"modified":"2023-04-27T08:42:00","modified_gmt":"2023-04-27T08:42:00","slug":"partnership","status":"publish","type":"page","link":"https:\/\/www.classin.com\/vn\/partnership\/","title":{"rendered":"H\u1ee3p t\u00e1c ph\u00e1t tri\u1ec3n c\u00f9ng v\u1edbi ClassIn"},"content":{"rendered":"","protected":false},"excerpt":{"rendered":"","protected":false},"author":1,"featured_media":0,"parent":0,"menu_order":0,"comment_status":"closed","ping_status":"closed","template":"single-partnership.php","meta":[],"acf":[],"yoast_head":"<!-- This site is optimized with the Yoast SEO plugin v19.11 - https:\/\/yoast.com\/wordpress\/plugins\/seo\/ -->\n<title>H\u1ee3p t\u00e1c ph\u00e1t tri\u1ec3n c\u00f9ng v\u1edbi ClassIn - ClassIn | Gi\u1ea3i ph\u00e1p d\u1ea1y h\u1ecdc chuy\u00ean nghi\u1ec7p<\/title>\n<meta name=\"description\" content=\"ClassIn t\u00ecm ki\u1ebfm c\u00e1c \u0111\u1ed1i t\u00e1c c\u00f3 c\u00f9ng t\u1ea7m nh\u00ecn \u0111\u1ec3 c\u00f9ng h\u1ee3p t\u00e1c, cung c\u1ea5p c\u00e1c gi\u1ea3i ph\u00e1p gi\u00e1o d\u1ee5c to\u00e0n di\u1ec7n cho c\u00e1c c\u01a1 s\u1edf gi\u00e1o d\u1ee5c.\" \/>\n<meta name=\"robots\" content=\"index, follow, max-snippet:-1, max-image-preview:large, max-video-preview:-1\" \/>\n<link rel=\"canonical\" href=\"https:\/\/www.classin.com\/vn\/partnership\/\" \/>\n<meta property=\"og:locale\" content=\"vi_VN\" \/>\n<meta property=\"og:type\" content=\"article\" \/>\n<meta property=\"og:title\" content=\"H\u1ee3p t\u00e1c ph\u00e1t tri\u1ec3n c\u00f9ng v\u1edbi ClassIn - ClassIn | Gi\u1ea3i ph\u00e1p d\u1ea1y h\u1ecdc chuy\u00ean nghi\u1ec7p\" \/>\n<meta property=\"og:description\" content=\"ClassIn t\u00ecm ki\u1ebfm c\u00e1c \u0111\u1ed1i t\u00e1c c\u00f3 c\u00f9ng t\u1ea7m nh\u00ecn \u0111\u1ec3 c\u00f9ng h\u1ee3p t\u00e1c, cung c\u1ea5p c\u00e1c gi\u1ea3i ph\u00e1p gi\u00e1o d\u1ee5c to\u00e0n di\u1ec7n cho c\u00e1c c\u01a1 s\u1edf gi\u00e1o d\u1ee5c.\" \/>\n<meta property=\"og:url\" content=\"https:\/\/www.classin.com\/vn\/partnership\/\" \/>\n<meta property=\"og:site_name\" content=\"ClassIn | Gi\u1ea3i ph\u00e1p d\u1ea1y h\u1ecdc chuy\u00ean nghi\u1ec7p\" \/>\n<meta property=\"article:modified_time\" content=\"2023-04-27T08:42:00+00:00\" \/>\n<meta property=\"og:image\" content=\"https:\/\/st2.classin.com\/files\/wp\/2023\/04\/20230427084152237.png\" \/>\n\t<meta property=\"og:image:width\" content=\"800\" \/>\n\t<meta property=\"og:image:height\" content=\"600\" \/>\n\t<meta property=\"og:image:type\" content=\"image\/png\" \/>\n<meta name=\"twitter:card\" content=\"summary_large_image\" \/>\n<script type=\"application\/ld+json\" class=\"yoast-schema-graph\">{\"@context\":\"https:\/\/schema.org\",\"@graph\":[{\"@type\":\"WebPage\",\"@id\":\"https:\/\/www.classin.com\/vn\/partnership\/\",\"url\":\"https:\/\/www.classin.com\/vn\/partnership\/\",\"name\":\"H\u1ee3p t\u00e1c ph\u00e1t tri\u1ec3n c\u00f9ng v\u1edbi ClassIn - ClassIn | Gi\u1ea3i ph\u00e1p d\u1ea1y h\u1ecdc chuy\u00ean nghi\u1ec7p\",\"isPartOf\":{\"@id\":\"https:\/\/www.classin.com\/vn\/#website\"},\"datePublished\":\"2023-03-13T08:58:22+00:00\",\"dateModified\":\"2023-04-27T08:42:00+00:00\",\"description\":\"ClassIn t\u00ecm ki\u1ebfm c\u00e1c \u0111\u1ed1i t\u00e1c c\u00f3 c\u00f9ng t\u1ea7m nh\u00ecn \u0111\u1ec3 c\u00f9ng h\u1ee3p t\u00e1c, cung c\u1ea5p c\u00e1c gi\u1ea3i ph\u00e1p gi\u00e1o d\u1ee5c to\u00e0n di\u1ec7n cho c\u00e1c c\u01a1 s\u1edf gi\u00e1o d\u1ee5c.\",\"breadcrumb\":{\"@id\":\"https:\/\/www.classin.com\/vn\/partnership\/#breadcrumb\"},\"inLanguage\":\"vi\",\"potentialAction\":[{\"@type\":\"ReadAction\",\"target\":[\"https:\/\/www.classin.com\/vn\/partnership\/\"]}]},{\"@type\":\"BreadcrumbList\",\"@id\":\"https:\/\/www.classin.com\/vn\/partnership\/#breadcrumb\",\"itemListElement\":[{\"@type\":\"ListItem\",\"position\":1,\"name\":\"\u9996\u9875\",\"item\":\"https:\/\/www.classin.com\/vn\/\"},{\"@type\":\"ListItem\",\"position\":2,\"name\":\"H\u1ee3p t\u00e1c ph\u00e1t tri\u1ec3n c\u00f9ng v\u1edbi ClassIn\"}]},{\"@type\":\"WebSite\",\"@id\":\"https:\/\/www.classin.com\/vn\/#website\",\"url\":\"https:\/\/www.classin.com\/vn\/\",\"name\":\"ClassIn | Gi\u1ea3i ph\u00e1p d\u1ea1y h\u1ecdc chuy\u00ean nghi\u1ec7p\",\"description\":\"M\u1edf r\u1ed9ng quy m\u00f4 \u0111\u00e0o t\u1ea1o nhanh ch\u00f3ng, v\u1edbi c\u00e1c c\u00f4ng c\u1ee5 t\u01b0\u01a1ng t\u00e1c v\u00e0 qu\u1ea3n l\u00fd l\u1edbp h\u1ecdc m\u1ea1nh m\u1ebd, t\u00edch h\u1ee3p s\u1eb5n trong 1 \u1ee9ng d\u1ee5ng duy nh\u1ea5t\",\"potentialAction\":[{\"@type\":\"SearchAction\",\"target\":{\"@type\":\"EntryPoint\",\"urlTemplate\":\"https:\/\/www.classin.com\/vn\/?s={search_term_string}\"},\"query-input\":\"required name=search_term_string\"}],\"inLanguage\":\"vi\"}]}<\/script>\n<!-- \/ Yoast SEO plugin. -->","yoast_head_json":{"title":"H\u1ee3p t\u00e1c ph\u00e1t tri\u1ec3n c\u00f9ng v\u1edbi ClassIn - ClassIn | Gi\u1ea3i ph\u00e1p d\u1ea1y h\u1ecdc chuy\u00ean nghi\u1ec7p","description":"ClassIn t\u00ecm ki\u1ebfm c\u00e1c \u0111\u1ed1i t\u00e1c c\u00f3 c\u00f9ng t\u1ea7m nh\u00ecn \u0111\u1ec3 c\u00f9ng h\u1ee3p t\u00e1c, cung c\u1ea5p c\u00e1c gi\u1ea3i ph\u00e1p gi\u00e1o d\u1ee5c to\u00e0n di\u1ec7n cho c\u00e1c c\u01a1 s\u1edf gi\u00e1o d\u1ee5c.","robots":{"index":"index","follow":"follow","max-snippet":"max-snippet:-1","max-image-preview":"max-image-preview:large","max-video-preview":"max-video-preview:-1"},"canonical":"https:\/\/www.classin.com\/vn\/partnership\/","og_locale":"vi_VN","og_type":"article","og_title":"H\u1ee3p t\u00e1c ph\u00e1t tri\u1ec3n c\u00f9ng v\u1edbi ClassIn - ClassIn | Gi\u1ea3i ph\u00e1p d\u1ea1y h\u1ecdc chuy\u00ean nghi\u1ec7p","og_description":"ClassIn t\u00ecm ki\u1ebfm c\u00e1c \u0111\u1ed1i t\u00e1c c\u00f3 c\u00f9ng t\u1ea7m nh\u00ecn \u0111\u1ec3 c\u00f9ng h\u1ee3p t\u00e1c, cung c\u1ea5p c\u00e1c gi\u1ea3i ph\u00e1p gi\u00e1o d\u1ee5c to\u00e0n di\u1ec7n cho c\u00e1c c\u01a1 s\u1edf gi\u00e1o d\u1ee5c.","og_url":"https:\/\/www.classin.com\/vn\/partnership\/","og_site_name":"ClassIn | Gi\u1ea3i ph\u00e1p d\u1ea1y h\u1ecdc chuy\u00ean nghi\u1ec7p","article_modified_time":"2023-04-27T08:42:00+00:00","og_image":[{"width":800,"height":600,"url":"https:\/\/st2.classin.com\/files\/wp\/2023\/04\/20230427084152237.png","type":"image\/png"}],"twitter_card":"summary_large_image","schema":{"@context":"https:\/\/schema.org","@graph":[{"@type":"WebPage","@id":"https:\/\/www.classin.com\/vn\/partnership\/","url":"https:\/\/www.classin.com\/vn\/partnership\/","name":"H\u1ee3p t\u00e1c ph\u00e1t tri\u1ec3n c\u00f9ng v\u1edbi ClassIn - ClassIn | Gi\u1ea3i ph\u00e1p d\u1ea1y h\u1ecdc chuy\u00ean nghi\u1ec7p","isPartOf":{"@id":"https:\/\/www.classin.com\/vn\/#website"},"datePublished":"2023-03-13T08:58:22+00:00","dateModified":"2023-04-27T08:42:00+00:00","description":"ClassIn t\u00ecm ki\u1ebfm c\u00e1c \u0111\u1ed1i t\u00e1c c\u00f3 c\u00f9ng t\u1ea7m nh\u00ecn \u0111\u1ec3 c\u00f9ng h\u1ee3p t\u00e1c, cung c\u1ea5p c\u00e1c gi\u1ea3i ph\u00e1p gi\u00e1o d\u1ee5c to\u00e0n di\u1ec7n cho c\u00e1c c\u01a1 s\u1edf gi\u00e1o d\u1ee5c.","breadcrumb":{"@id":"https:\/\/www.classin.com\/vn\/partnership\/#breadcrumb"},"inLanguage":"vi","potentialAction":[{"@type":"ReadAction","target":["https:\/\/www.classin.com\/vn\/partnership\/"]}]},{"@type":"BreadcrumbList","@id":"https:\/\/www.classin.com\/vn\/partnership\/#breadcrumb","itemListElement":[{"@type":"ListItem","position":1,"name":"\u9996\u9875","item":"https:\/\/www.classin.com\/vn\/"},{"@type":"ListItem","position":2,"name":"H\u1ee3p t\u00e1c ph\u00e1t tri\u1ec3n c\u00f9ng v\u1edbi ClassIn"}]},{"@type":"WebSite","@id":"https:\/\/www.classin.com\/vn\/#website","url":"https:\/\/www.classin.com\/vn\/","name":"ClassIn | Gi\u1ea3i ph\u00e1p d\u1ea1y h\u1ecdc chuy\u00ean nghi\u1ec7p","description":"M\u1edf r\u1ed9ng quy m\u00f4 \u0111\u00e0o t\u1ea1o nhanh ch\u00f3ng, v\u1edbi c\u00e1c c\u00f4ng c\u1ee5 t\u01b0\u01a1ng t\u00e1c v\u00e0 qu\u1ea3n l\u00fd l\u1edbp h\u1ecdc m\u1ea1nh m\u1ebd, t\u00edch h\u1ee3p s\u1eb5n trong 1 \u1ee9ng d\u1ee5ng duy nh\u1ea5t","potentialAction":[{"@type":"SearchAction","target":{"@type":"EntryPoint","urlTemplate":"https:\/\/www.classin.com\/vn\/?s={search_term_string}"},"query-input":"required name=search_term_string"}],"inLanguage":"vi"}]}},"_links":{"self":[{"href":"https:\/\/www.classin.com\/vn\/wp-json\/wp\/v2\/pages\/1283"}],"collection":[{"href":"https:\/\/www.classin.com\/vn\/wp-json\/wp\/v2\/pages"}],"about":[{"href":"https:\/\/www.classin.com\/vn\/wp-json\/wp\/v2\/types\/page"}],"author":[{"embeddable":true,"href":"https:\/\/www.classin.com\/vn\/wp-json\/wp\/v2\/users\/1"}],"replies":[{"embeddable":true,"href":"https:\/\/www.classin.com\/vn\/wp-json\/wp\/v2\/comments?post=1283"}],"version-history":[{"count":1,"href":"https:\/\/www.classin.com\/vn\/wp-json\/wp\/v2\/pages\/1283\/revisions"}],"predecessor-version":[{"id":1728,"href":"https:\/\/www.classin.com\/vn\/wp-json\/wp\/v2\/pages\/1283\/revisions\/1728"}],"wp:attachment":[{"href":"https:\/\/www.classin.com\/vn\/wp-json\/wp\/v2\/media?parent=1283"}],"curies":[{"name":"wp","href":"https:\/\/api.w.org\/{rel}","templated":true}]}}