{"id":1085,"date":"2023-03-13T10:22:17","date_gmt":"2023-03-13T02:22:17","guid":{"rendered":"https:\/\/www-tmp14.classin.vip\/?page_id=1085"},"modified":"2023-04-27T08:38:09","modified_gmt":"2023-04-27T08:38:09","slug":"guide_detail","status":"publish","type":"page","link":"https:\/\/www.classin.com\/vn\/guide_detail\/","title":{"rendered":"Chi ti\u1ebft kh\u00e1ch m\u1eddi s\u1ef1 ki\u1ec7n \u1edf ClassIn"},"content":{"rendered":"","protected":false},"excerpt":{"rendered":"","protected":false},"author":1,"featured_media":0,"parent":0,"menu_order":0,"comment_status":"closed","ping_status":"closed","template":"single-guide-detail.php","meta":[],"acf":[],"yoast_head":"<!-- This site is optimized with the Yoast SEO plugin v19.11 - https:\/\/yoast.com\/wordpress\/plugins\/seo\/ -->\n<title>Chi ti\u1ebft kh\u00e1ch m\u1eddi s\u1ef1 ki\u1ec7n \u1edf ClassIn - ClassIn | Gi\u1ea3i ph\u00e1p d\u1ea1y h\u1ecdc chuy\u00ean nghi\u1ec7p<\/title>\n<meta name=\"description\" content=\"C\u1eadp nh\u1eadt th\u00f4ng tin gi\u1edbi thi\u1ec7u chi ti\u1ebft v\u1ec1 c\u00e1c kh\u00e1ch m\u1eddi, di\u1ec5n gi\u1ea3, chuy\u00ean gia n\u1ed5i ti\u1ebfng t\u1eeb c\u00e1c s\u1ef1 ki\u1ec7n \u0111\u01b0\u1ee3c t\u1ed5 ch\u1ee9c b\u1edfi ClassIn\" \/>\n<meta name=\"robots\" content=\"index, follow, max-snippet:-1, max-image-preview:large, max-video-preview:-1\" \/>\n<link rel=\"canonical\" href=\"https:\/\/www.classin.com\/vn\/guide_detail\/\" \/>\n<meta property=\"og:locale\" content=\"vi_VN\" \/>\n<meta property=\"og:type\" content=\"article\" \/>\n<meta property=\"og:title\" content=\"Chi ti\u1ebft kh\u00e1ch m\u1eddi s\u1ef1 ki\u1ec7n \u1edf ClassIn - ClassIn | Gi\u1ea3i ph\u00e1p d\u1ea1y h\u1ecdc chuy\u00ean nghi\u1ec7p\" \/>\n<meta property=\"og:description\" content=\"C\u1eadp nh\u1eadt th\u00f4ng tin gi\u1edbi thi\u1ec7u chi ti\u1ebft v\u1ec1 c\u00e1c kh\u00e1ch m\u1eddi, di\u1ec5n gi\u1ea3, chuy\u00ean gia n\u1ed5i ti\u1ebfng t\u1eeb c\u00e1c s\u1ef1 ki\u1ec7n \u0111\u01b0\u1ee3c t\u1ed5 ch\u1ee9c b\u1edfi ClassIn\" \/>\n<meta property=\"og:url\" content=\"https:\/\/www.classin.com\/vn\/guide_detail\/\" \/>\n<meta property=\"og:site_name\" content=\"ClassIn | Gi\u1ea3i ph\u00e1p d\u1ea1y h\u1ecdc chuy\u00ean nghi\u1ec7p\" \/>\n<meta property=\"article:modified_time\" content=\"2023-04-27T08:38:09+00:00\" \/>\n<meta property=\"og:image\" content=\"https:\/\/st2.classin.com\/files\/wp\/2023\/04\/20230425142744767.jpg\" \/>\n\t<meta property=\"og:image:width\" content=\"993\" \/>\n\t<meta property=\"og:image:height\" content=\"663\" \/>\n\t<meta property=\"og:image:type\" content=\"image\/jpeg\" \/>\n<meta name=\"twitter:card\" content=\"summary_large_image\" \/>\n<script type=\"application\/ld+json\" class=\"yoast-schema-graph\">{\"@context\":\"https:\/\/schema.org\",\"@graph\":[{\"@type\":\"WebPage\",\"@id\":\"https:\/\/www.classin.com\/vn\/guide_detail\/\",\"url\":\"https:\/\/www.classin.com\/vn\/guide_detail\/\",\"name\":\"Chi ti\u1ebft kh\u00e1ch m\u1eddi s\u1ef1 ki\u1ec7n \u1edf ClassIn - ClassIn | Gi\u1ea3i ph\u00e1p d\u1ea1y h\u1ecdc chuy\u00ean nghi\u1ec7p\",\"isPartOf\":{\"@id\":\"https:\/\/www.classin.com\/vn\/#website\"},\"datePublished\":\"2023-03-13T02:22:17+00:00\",\"dateModified\":\"2023-04-27T08:38:09+00:00\",\"description\":\"C\u1eadp nh\u1eadt th\u00f4ng tin gi\u1edbi thi\u1ec7u chi ti\u1ebft v\u1ec1 c\u00e1c kh\u00e1ch m\u1eddi, di\u1ec5n gi\u1ea3, chuy\u00ean gia n\u1ed5i ti\u1ebfng t\u1eeb c\u00e1c s\u1ef1 ki\u1ec7n \u0111\u01b0\u1ee3c t\u1ed5 ch\u1ee9c b\u1edfi ClassIn\",\"breadcrumb\":{\"@id\":\"https:\/\/www.classin.com\/vn\/guide_detail\/#breadcrumb\"},\"inLanguage\":\"vi\",\"potentialAction\":[{\"@type\":\"ReadAction\",\"target\":[\"https:\/\/www.classin.com\/vn\/guide_detail\/\"]}]},{\"@type\":\"BreadcrumbList\",\"@id\":\"https:\/\/www.classin.com\/vn\/guide_detail\/#breadcrumb\",\"itemListElement\":[{\"@type\":\"ListItem\",\"position\":1,\"name\":\"\u9996\u9875\",\"item\":\"https:\/\/www.classin.com\/vn\/\"},{\"@type\":\"ListItem\",\"position\":2,\"name\":\"Chi ti\u1ebft kh\u00e1ch m\u1eddi s\u1ef1 ki\u1ec7n \u1edf ClassIn\"}]},{\"@type\":\"WebSite\",\"@id\":\"https:\/\/www.classin.com\/vn\/#website\",\"url\":\"https:\/\/www.classin.com\/vn\/\",\"name\":\"ClassIn | Gi\u1ea3i ph\u00e1p d\u1ea1y h\u1ecdc chuy\u00ean nghi\u1ec7p\",\"description\":\"M\u1edf r\u1ed9ng quy m\u00f4 \u0111\u00e0o t\u1ea1o nhanh ch\u00f3ng, v\u1edbi c\u00e1c c\u00f4ng c\u1ee5 t\u01b0\u01a1ng t\u00e1c v\u00e0 qu\u1ea3n l\u00fd l\u1edbp h\u1ecdc m\u1ea1nh m\u1ebd, t\u00edch h\u1ee3p s\u1eb5n trong 1 \u1ee9ng d\u1ee5ng duy nh\u1ea5t\",\"potentialAction\":[{\"@type\":\"SearchAction\",\"target\":{\"@type\":\"EntryPoint\",\"urlTemplate\":\"https:\/\/www.classin.com\/vn\/?s={search_term_string}\"},\"query-input\":\"required name=search_term_string\"}],\"inLanguage\":\"vi\"}]}<\/script>\n<!-- \/ Yoast SEO plugin. -->","yoast_head_json":{"title":"Chi ti\u1ebft kh\u00e1ch m\u1eddi s\u1ef1 ki\u1ec7n \u1edf ClassIn - ClassIn | Gi\u1ea3i ph\u00e1p d\u1ea1y h\u1ecdc chuy\u00ean nghi\u1ec7p","description":"C\u1eadp nh\u1eadt th\u00f4ng tin gi\u1edbi thi\u1ec7u chi ti\u1ebft v\u1ec1 c\u00e1c kh\u00e1ch m\u1eddi, di\u1ec5n gi\u1ea3, chuy\u00ean gia n\u1ed5i ti\u1ebfng t\u1eeb c\u00e1c s\u1ef1 ki\u1ec7n \u0111\u01b0\u1ee3c t\u1ed5 ch\u1ee9c b\u1edfi ClassIn","robots":{"index":"index","follow":"follow","max-snippet":"max-snippet:-1","max-image-preview":"max-image-preview:large","max-video-preview":"max-video-preview:-1"},"canonical":"https:\/\/www.classin.com\/vn\/guide_detail\/","og_locale":"vi_VN","og_type":"article","og_title":"Chi ti\u1ebft kh\u00e1ch m\u1eddi s\u1ef1 ki\u1ec7n \u1edf ClassIn - ClassIn | Gi\u1ea3i ph\u00e1p d\u1ea1y h\u1ecdc chuy\u00ean nghi\u1ec7p","og_description":"C\u1eadp nh\u1eadt th\u00f4ng tin gi\u1edbi thi\u1ec7u chi ti\u1ebft v\u1ec1 c\u00e1c kh\u00e1ch m\u1eddi, di\u1ec5n gi\u1ea3, chuy\u00ean gia n\u1ed5i ti\u1ebfng t\u1eeb c\u00e1c s\u1ef1 ki\u1ec7n \u0111\u01b0\u1ee3c t\u1ed5 ch\u1ee9c b\u1edfi ClassIn","og_url":"https:\/\/www.classin.com\/vn\/guide_detail\/","og_site_name":"ClassIn | Gi\u1ea3i ph\u00e1p d\u1ea1y h\u1ecdc chuy\u00ean nghi\u1ec7p","article_modified_time":"2023-04-27T08:38:09+00:00","og_image":[{"width":993,"height":663,"url":"https:\/\/st2.classin.com\/files\/wp\/2023\/04\/20230425142744767.jpg","type":"image\/jpeg"}],"twitter_card":"summary_large_image","schema":{"@context":"https:\/\/schema.org","@graph":[{"@type":"WebPage","@id":"https:\/\/www.classin.com\/vn\/guide_detail\/","url":"https:\/\/www.classin.com\/vn\/guide_detail\/","name":"Chi ti\u1ebft kh\u00e1ch m\u1eddi s\u1ef1 ki\u1ec7n \u1edf ClassIn - ClassIn | Gi\u1ea3i ph\u00e1p d\u1ea1y h\u1ecdc chuy\u00ean nghi\u1ec7p","isPartOf":{"@id":"https:\/\/www.classin.com\/vn\/#website"},"datePublished":"2023-03-13T02:22:17+00:00","dateModified":"2023-04-27T08:38:09+00:00","description":"C\u1eadp nh\u1eadt th\u00f4ng tin gi\u1edbi thi\u1ec7u chi ti\u1ebft v\u1ec1 c\u00e1c kh\u00e1ch m\u1eddi, di\u1ec5n gi\u1ea3, chuy\u00ean gia n\u1ed5i ti\u1ebfng t\u1eeb c\u00e1c s\u1ef1 ki\u1ec7n \u0111\u01b0\u1ee3c t\u1ed5 ch\u1ee9c b\u1edfi ClassIn","breadcrumb":{"@id":"https:\/\/www.classin.com\/vn\/guide_detail\/#breadcrumb"},"inLanguage":"vi","potentialAction":[{"@type":"ReadAction","target":["https:\/\/www.classin.com\/vn\/guide_detail\/"]}]},{"@type":"BreadcrumbList","@id":"https:\/\/www.classin.com\/vn\/guide_detail\/#breadcrumb","itemListElement":[{"@type":"ListItem","position":1,"name":"\u9996\u9875","item":"https:\/\/www.classin.com\/vn\/"},{"@type":"ListItem","position":2,"name":"Chi ti\u1ebft kh\u00e1ch m\u1eddi s\u1ef1 ki\u1ec7n \u1edf ClassIn"}]},{"@type":"WebSite","@id":"https:\/\/www.classin.com\/vn\/#website","url":"https:\/\/www.classin.com\/vn\/","name":"ClassIn | Gi\u1ea3i ph\u00e1p d\u1ea1y h\u1ecdc chuy\u00ean nghi\u1ec7p","description":"M\u1edf r\u1ed9ng quy m\u00f4 \u0111\u00e0o t\u1ea1o nhanh ch\u00f3ng, v\u1edbi c\u00e1c c\u00f4ng c\u1ee5 t\u01b0\u01a1ng t\u00e1c v\u00e0 qu\u1ea3n l\u00fd l\u1edbp h\u1ecdc m\u1ea1nh m\u1ebd, t\u00edch h\u1ee3p s\u1eb5n trong 1 \u1ee9ng d\u1ee5ng duy nh\u1ea5t","potentialAction":[{"@type":"SearchAction","target":{"@type":"EntryPoint","urlTemplate":"https:\/\/www.classin.com\/vn\/?s={search_term_string}"},"query-input":"required name=search_term_string"}],"inLanguage":"vi"}]}},"_links":{"self":[{"href":"https:\/\/www.classin.com\/vn\/wp-json\/wp\/v2\/pages\/1085"}],"collection":[{"href":"https:\/\/www.classin.com\/vn\/wp-json\/wp\/v2\/pages"}],"about":[{"href":"https:\/\/www.classin.com\/vn\/wp-json\/wp\/v2\/types\/page"}],"author":[{"embeddable":true,"href":"https:\/\/www.classin.com\/vn\/wp-json\/wp\/v2\/users\/1"}],"replies":[{"embeddable":true,"href":"https:\/\/www.classin.com\/vn\/wp-json\/wp\/v2\/comments?post=1085"}],"version-history":[{"count":2,"href":"https:\/\/www.classin.com\/vn\/wp-json\/wp\/v2\/pages\/1085\/revisions"}],"predecessor-version":[{"id":1720,"href":"https:\/\/www.classin.com\/vn\/wp-json\/wp\/v2\/pages\/1085\/revisions\/1720"}],"wp:attachment":[{"href":"https:\/\/www.classin.com\/vn\/wp-json\/wp\/v2\/media?parent=1085"}],"curies":[{"name":"wp","href":"https:\/\/api.w.org\/{rel}","templated":true}]}}